{"id":32344,"date":"2024-12-05T14:45:58","date_gmt":"2024-12-05T14:45:58","guid":{"rendered":"https:\/\/kasima.lt\/produktas\/flutec-hidraulinis-elektromagnetinis-voztuvas\/"},"modified":"2025-10-29T13:32:33","modified_gmt":"2025-10-29T13:32:33","slug":"flutec-hidraulinis-elektromagnetinis-voztuvas","status":"publish","type":"product","link":"https:\/\/kasima.lt\/et\/produktas\/flutec-hidraulinis-elektromagnetinis-voztuvas\/","title":{"rendered":"Flutec h\u00fcdrauliline magnetventiil"},"content":{"rendered":"<p>Flutec h\u00fcdrauliline solenoidventiil koos akumulaatoriga Atlas 1604 ekskavaatorist<br \/>Aasta: 2003<br \/>Fluteci klapi koost: 3010912<br \/>DMVE-G1\/2-011-50V<br \/>Kasutatud, t\u00e4iesti t\u00f6\u00f6korras<br \/>Pakkuda Flutec h\u00fcdrauliline solenoidventiil koos akumulaatoriga, mis on eemaldatud Atlas 1604 ekskavaatorist. See komponent on oluline h\u00fcdraulikas\u00fcsteemi t\u00e4pseks juhtimiseks, vedeliku voolu reguleerimise ja energia salvestamise parandamiseks.<br \/>\u00dclemaailmne tarne  <\/p>\n","protected":false},"excerpt":{"rendered":"<p>Hind ilma k\u00e4ibemaksuta<\/p>\n<p>Tootja: FLUTEC<br \/>Mudel: AT16040032<br \/>Helista: <a href=\"tel:+37060842988\">+37060842988<\/a><br \/>E-post: <a href=\"mailto:usedparts@kasima.lt\">usedparts@kasima.lt <\/a><\/p>\n","protected":false},"featured_media":32305,"template":"","meta":{"_et_pb_use_builder":"","_et_pb_old_content":"","_et_gb_content_width":"","_monsterinsights_skip_tracking":false,"_monsterinsights_sitenote_active":false,"_monsterinsights_sitenote_note":"","_monsterinsights_sitenote_category":0},"product_brand":[],"product_cat":[871,485,491,636,632,319,684,431],"product_tag":[],"class_list":{"0":"post-32344","1":"product","2":"type-product","3":"status-publish","4":"has-post-thumbnail","6":"product_cat-1604-2003","7":"product_cat-atlas-osad","8":"product_cat-elektroonika-osad","9":"product_cat-rohuandurid","10":"product_cat-hudroventiilid","11":"product_cat-kasutatud-varuosade","12":"product_cat-ekskavaatori-osad","13":"product_cat-ehitusmasinad-varuosade","15":"first","16":"instock","17":"shipping-taxable","18":"purchasable","19":"product-type-simple"},"aioseo_notices":[],"_links":{"self":[{"href":"https:\/\/kasima.lt\/et\/wp-json\/wp\/v2\/product\/32344","targetHints":{"allow":["GET"]}}],"collection":[{"href":"https:\/\/kasima.lt\/et\/wp-json\/wp\/v2\/product"}],"about":[{"href":"https:\/\/kasima.lt\/et\/wp-json\/wp\/v2\/types\/product"}],"wp:featuredmedia":[{"embeddable":true,"href":"https:\/\/kasima.lt\/et\/wp-json\/wp\/v2\/media\/32305"}],"wp:attachment":[{"href":"https:\/\/kasima.lt\/et\/wp-json\/wp\/v2\/media?parent=32344"}],"wp:term":[{"taxonomy":"product_brand","embeddable":true,"href":"https:\/\/kasima.lt\/et\/wp-json\/wp\/v2\/product_brand?post=32344"},{"taxonomy":"product_cat","embeddable":true,"href":"https:\/\/kasima.lt\/et\/wp-json\/wp\/v2\/product_cat?post=32344"},{"taxonomy":"product_tag","embeddable":true,"href":"https:\/\/kasima.lt\/et\/wp-json\/wp\/v2\/product_tag?post=32344"}],"curies":[{"name":"wp","href":"https:\/\/api.w.org\/{rel}","templated":true}]}}