{"id":32254,"date":"2024-12-05T13:45:16","date_gmt":"2024-12-05T13:45:16","guid":{"rendered":"https:\/\/kasima.lt\/produktas\/prieigos-dangtis-laipteliai-is-atlas-1604\/"},"modified":"2025-10-29T13:32:33","modified_gmt":"2025-10-29T13:32:33","slug":"prieigos-dangtis-laipteliai-is-atlas-1604","status":"publish","type":"product","link":"https:\/\/kasima.lt\/et\/produktas\/prieigos-dangtis-laipteliai-is-atlas-1604\/","title":{"rendered":"Juurdep\u00e4\u00e4sukate\/trepid alates Atlas 1604"},"content":{"rendered":"<p>Kasutatud juurdep\u00e4\u00e4sukate\/trepid Atlas 1604 ekskavaatorist<br \/>Aasta: 2003<br \/>Pakume kasutatud juurdep\u00e4\u00e4su katet\/astmeid, mis on eemaldatud Atlas 1604 ekskavaatorist. Need komponendid tagavad turvalise ja mugava juurdep\u00e4\u00e4su masina kabiinile v\u00f5i teenindusruumidele. Need on loodud vastupidavuse tagamiseks ja peavad vastu ehitus- ja kaevet\u00f6\u00f6del t\u00fc\u00fcpilisele raskele kasutamisele.<br \/>\u00dclemaailmne tarne   <\/p>\n","protected":false},"excerpt":{"rendered":"<p>Hind ilma k\u00e4ibemaksuta<\/p>\n<p>Tootja: ATLAS<br \/>Mudel: AT16040029<br \/>Helista: <a href=\"tel:+37060842988\">+37060842988<\/a><br \/>E-post: <a href=\"mailto:usedparts@kasima.lt\">usedparts@kasima.lt <\/a><\/p>\n","protected":false},"featured_media":32245,"template":"","meta":{"_et_pb_use_builder":"","_et_pb_old_content":"","_et_gb_content_width":"","_monsterinsights_skip_tracking":false,"_monsterinsights_sitenote_active":false,"_monsterinsights_sitenote_note":"","_monsterinsights_sitenote_category":0},"product_brand":[],"product_cat":[871,485,652,319,684,431],"product_tag":[],"class_list":{"0":"post-32254","1":"product","2":"type-product","3":"status-publish","4":"has-post-thumbnail","6":"product_cat-1604-2003","7":"product_cat-atlas-osad","8":"product_cat-mootori-ja-kulgkate","9":"product_cat-kasutatud-varuosade","10":"product_cat-ekskavaatori-osad","11":"product_cat-ehitusmasinad-varuosade","13":"first","14":"instock","15":"shipping-taxable","16":"purchasable","17":"product-type-simple"},"aioseo_notices":[],"_links":{"self":[{"href":"https:\/\/kasima.lt\/et\/wp-json\/wp\/v2\/product\/32254","targetHints":{"allow":["GET"]}}],"collection":[{"href":"https:\/\/kasima.lt\/et\/wp-json\/wp\/v2\/product"}],"about":[{"href":"https:\/\/kasima.lt\/et\/wp-json\/wp\/v2\/types\/product"}],"wp:featuredmedia":[{"embeddable":true,"href":"https:\/\/kasima.lt\/et\/wp-json\/wp\/v2\/media\/32245"}],"wp:attachment":[{"href":"https:\/\/kasima.lt\/et\/wp-json\/wp\/v2\/media?parent=32254"}],"wp:term":[{"taxonomy":"product_brand","embeddable":true,"href":"https:\/\/kasima.lt\/et\/wp-json\/wp\/v2\/product_brand?post=32254"},{"taxonomy":"product_cat","embeddable":true,"href":"https:\/\/kasima.lt\/et\/wp-json\/wp\/v2\/product_cat?post=32254"},{"taxonomy":"product_tag","embeddable":true,"href":"https:\/\/kasima.lt\/et\/wp-json\/wp\/v2\/product_tag?post=32254"}],"curies":[{"name":"wp","href":"https:\/\/api.w.org\/{rel}","templated":true}]}}