{"id":32194,"date":"2024-12-04T14:20:01","date_gmt":"2024-12-04T14:20:01","guid":{"rendered":"https:\/\/kasima.lt\/produktas\/hidraulinis-voztuvas-is-atlas-1604\/"},"modified":"2025-10-29T13:32:32","modified_gmt":"2025-10-29T13:32:32","slug":"hidraulinis-voztuvas-is-atlas-1604","status":"publish","type":"product","link":"https:\/\/kasima.lt\/et\/produktas\/hidraulinis-voztuvas-is-atlas-1604\/","title":{"rendered":"Atlas 1604 h\u00fcdrauliline ventiil"},"content":{"rendered":"<p>Kasutatud h\u00fcdrauliline ventiil Atlas 1604 ekskavaatorist<br \/>Aasta: 2003<br \/>Osa number: S02 &#8211; 030466 \/ 1379142039<br \/>Pakume kasutatud h\u00fcdraulikaklappi, mis on eemaldatud Atlas 1604 ekskavaatorist (2003. aasta mudel). See komponent m\u00e4ngib olulist rolli h\u00fcdraulikavoolu ja -r\u00f5hu reguleerimisel, tagades teie ekskavaatori h\u00fcdraulikas\u00fcsteemide optimaalse t\u00f6\u00f6.<br \/>\u00dclemaailmne kohaletoimetamine  <\/p>\n","protected":false},"excerpt":{"rendered":"<p>Hind ilma k\u00e4ibemaksuta<\/p>\n<p>Tootja: ATLAS<br \/>Mudel: AT16040028<br \/>Helista: <a href=\"tel:+37060842988\">+37060842988<\/a><br \/>E-post: <a href=\"mailto:usedparts@kasima.lt\">usedparts@kasima.lt <\/a><\/p>\n","protected":false},"featured_media":32175,"template":"","meta":{"_et_pb_use_builder":"","_et_pb_old_content":"","_et_gb_content_width":"","_monsterinsights_skip_tracking":false,"_monsterinsights_sitenote_active":false,"_monsterinsights_sitenote_note":"","_monsterinsights_sitenote_category":0},"product_brand":[],"product_cat":[871,485,632,319,684,431],"product_tag":[],"class_list":{"0":"post-32194","1":"product","2":"type-product","3":"status-publish","4":"has-post-thumbnail","6":"product_cat-1604-2003","7":"product_cat-atlas-osad","8":"product_cat-hudroventiilid","9":"product_cat-kasutatud-varuosade","10":"product_cat-ekskavaatori-osad","11":"product_cat-ehitusmasinad-varuosade","13":"first","14":"instock","15":"shipping-taxable","16":"purchasable","17":"product-type-simple"},"aioseo_notices":[],"_links":{"self":[{"href":"https:\/\/kasima.lt\/et\/wp-json\/wp\/v2\/product\/32194","targetHints":{"allow":["GET"]}}],"collection":[{"href":"https:\/\/kasima.lt\/et\/wp-json\/wp\/v2\/product"}],"about":[{"href":"https:\/\/kasima.lt\/et\/wp-json\/wp\/v2\/types\/product"}],"wp:featuredmedia":[{"embeddable":true,"href":"https:\/\/kasima.lt\/et\/wp-json\/wp\/v2\/media\/32175"}],"wp:attachment":[{"href":"https:\/\/kasima.lt\/et\/wp-json\/wp\/v2\/media?parent=32194"}],"wp:term":[{"taxonomy":"product_brand","embeddable":true,"href":"https:\/\/kasima.lt\/et\/wp-json\/wp\/v2\/product_brand?post=32194"},{"taxonomy":"product_cat","embeddable":true,"href":"https:\/\/kasima.lt\/et\/wp-json\/wp\/v2\/product_cat?post=32194"},{"taxonomy":"product_tag","embeddable":true,"href":"https:\/\/kasima.lt\/et\/wp-json\/wp\/v2\/product_tag?post=32194"}],"curies":[{"name":"wp","href":"https:\/\/api.w.org\/{rel}","templated":true}]}}