{"id":32159,"date":"2024-12-04T13:45:09","date_gmt":"2024-12-04T13:45:09","guid":{"rendered":"https:\/\/kasima.lt\/produktas\/rexroth-hidraulinis-elektromagnetinis-voztuvas\/"},"modified":"2025-10-29T13:32:32","modified_gmt":"2025-10-29T13:32:32","slug":"rexroth-hidraulinis-elektromagnetinis-voztuvas","status":"publish","type":"product","link":"https:\/\/kasima.lt\/et\/produktas\/rexroth-hidraulinis-elektromagnetinis-voztuvas\/","title":{"rendered":"Rexrothi h\u00fcdrauliline magnetventiil"},"content":{"rendered":"<p>Kasutatud Rexrothi h\u00fcdrauliline solenoidventiil<br \/>Mark: Rexroth<br \/>Mudeli number MNFP 04 G2-1\/1BX3 <br \/>G24NK4M01<br \/>Kasutatud, suurep\u00e4rases t\u00f6\u00f6korras<br \/>Pakume kasutatud Rexrothi h\u00fcdraulilist magnetventiili, mudel MNFP 04 G2-1\/1BX3 ,G24NK4M01. Rexrothi solenoidventiilid on tuntud oma suure j\u00f5udluse ja vastupidavuse poolest ning neid usaldatakse raskeveokite t\u00f6\u00f6stus- ja ehitusmasinate rakendustes t\u00e4pse h\u00fcdraulilise juhtimise tagamiseks.<br \/>\u00dclemaailmne kohaletoimetamine  <\/p>\n","protected":false},"excerpt":{"rendered":"<p>Hind ilma k\u00e4ibemaksuta<\/p>\n<p>Tootja: REXROTH<br \/>Mudel: AT16040027<br \/>Helista: <a href=\"tel:+37060842988\">+37060842988<\/a><br \/>E-post: <a href=\"mailto:usedparts@kasima.lt\">usedparts@kasima.lt <\/a><\/p>\n","protected":false},"featured_media":32145,"template":"","meta":{"_et_pb_use_builder":"","_et_pb_old_content":"","_et_gb_content_width":"","_monsterinsights_skip_tracking":false,"_monsterinsights_sitenote_active":false,"_monsterinsights_sitenote_note":"","_monsterinsights_sitenote_category":0},"product_brand":[],"product_cat":[485,491,632,319,684,431],"product_tag":[],"class_list":{"0":"post-32159","1":"product","2":"type-product","3":"status-publish","4":"has-post-thumbnail","6":"product_cat-atlas-osad","7":"product_cat-elektroonika-osad","8":"product_cat-hudroventiilid","9":"product_cat-kasutatud-varuosade","10":"product_cat-ekskavaatori-osad","11":"product_cat-ehitusmasinad-varuosade","13":"first","14":"instock","15":"shipping-taxable","16":"purchasable","17":"product-type-simple"},"aioseo_notices":[],"_links":{"self":[{"href":"https:\/\/kasima.lt\/et\/wp-json\/wp\/v2\/product\/32159","targetHints":{"allow":["GET"]}}],"collection":[{"href":"https:\/\/kasima.lt\/et\/wp-json\/wp\/v2\/product"}],"about":[{"href":"https:\/\/kasima.lt\/et\/wp-json\/wp\/v2\/types\/product"}],"wp:featuredmedia":[{"embeddable":true,"href":"https:\/\/kasima.lt\/et\/wp-json\/wp\/v2\/media\/32145"}],"wp:attachment":[{"href":"https:\/\/kasima.lt\/et\/wp-json\/wp\/v2\/media?parent=32159"}],"wp:term":[{"taxonomy":"product_brand","embeddable":true,"href":"https:\/\/kasima.lt\/et\/wp-json\/wp\/v2\/product_brand?post=32159"},{"taxonomy":"product_cat","embeddable":true,"href":"https:\/\/kasima.lt\/et\/wp-json\/wp\/v2\/product_cat?post=32159"},{"taxonomy":"product_tag","embeddable":true,"href":"https:\/\/kasima.lt\/et\/wp-json\/wp\/v2\/product_tag?post=32159"}],"curies":[{"name":"wp","href":"https:\/\/api.w.org\/{rel}","templated":true}]}}