{"id":31890,"date":"2024-11-26T13:57:29","date_gmt":"2024-11-26T13:57:29","guid":{"rendered":"https:\/\/kasima.lt\/produktas\/kauso-jungtis-is-atlas-1604\/"},"modified":"2025-10-29T13:32:32","modified_gmt":"2025-10-29T13:32:32","slug":"kauso-jungtis-is-atlas-1604","status":"publish","type":"product","link":"https:\/\/kasima.lt\/et\/produktas\/kauso-jungtis-is-atlas-1604\/","title":{"rendered":"Atlas 1604 \u00e4mbrilink"},"content":{"rendered":"<p>Kasutatud koppide keskosa l\u00fcli Atlas 1604 jaoks<br \/>Aasta: 2003<br \/>Pakume kasutatud koppide keskl\u00fcli, mis on eemaldatud Atlas 1604 ekskavaatorist (2003. aasta mudel). <br \/>Kasutatud, kontrollitud ja t\u00e4ielikult t\u00f6\u00f6korras.<br \/>Puuduvad praod v\u00f5i struktuurikahjustused.<br \/>See keskne l\u00fcli on h\u00e4davajalik, et \u00fchendada kaeva ja k\u00e4e vahel, tagades stabiilsuse ja sujuva liikumise kaevet\u00f6\u00f6de ajal. Kuigi see on v\u00f5etud Atlas 1604 mudelist, v\u00f5ib see sobida ka teiste ekskavaatorite mudelitega.<br \/>Konstrueeritud spetsiaalselt Atlas 1604 jaoks, kuid v\u00f5ib sobida ka teistele Atlase v\u00f5i sarnastele ekskavaatorite mudelitele (\u00fchilduvuse kontrollimiseks v\u00f5tke meiega \u00fchendust).<br \/>Integreeritud koppide \u00fchenduss\u00fcsteemiga, mis tagab t\u00f5husa t\u00f6\u00f6 raskete kaevamis- ja t\u00f5stmis\u00fclesannete puhul.<br \/>Usaldusv\u00e4\u00e4rsed ja kiired tarnev\u00f5imalused on saadaval kogu maailmas.       <\/p>\n","protected":false},"excerpt":{"rendered":"<p>Hind ilma k\u00e4ibemaksuta<\/p>\n<p>Tootja: ATLAS<br \/>Mudel: AT16040021<br \/>Helista: <a href=\"tel:+37060842988\">+37060842988<\/a><br \/>E-post: <a href=\"mailto:usedparts@kasima.lt\">usedparts@kasima.lt <\/a><\/p>\n","protected":false},"featured_media":31881,"template":"","meta":{"_et_pb_use_builder":"","_et_pb_old_content":"","_et_gb_content_width":"","_monsterinsights_skip_tracking":false,"_monsterinsights_sitenote_active":false,"_monsterinsights_sitenote_note":"","_monsterinsights_sitenote_category":0},"product_brand":[],"product_cat":[871,861,485,319,431],"product_tag":[],"class_list":{"0":"post-31890","1":"product","2":"type-product","3":"status-publish","4":"has-post-thumbnail","6":"product_cat-1604-2003","7":"product_cat-tosteseadmed-ja-nende-osad","8":"product_cat-atlas-osad","9":"product_cat-kasutatud-varuosade","10":"product_cat-ehitusmasinad-varuosade","12":"first","13":"instock","14":"shipping-taxable","15":"purchasable","16":"product-type-simple"},"aioseo_notices":[],"_links":{"self":[{"href":"https:\/\/kasima.lt\/et\/wp-json\/wp\/v2\/product\/31890","targetHints":{"allow":["GET"]}}],"collection":[{"href":"https:\/\/kasima.lt\/et\/wp-json\/wp\/v2\/product"}],"about":[{"href":"https:\/\/kasima.lt\/et\/wp-json\/wp\/v2\/types\/product"}],"wp:featuredmedia":[{"embeddable":true,"href":"https:\/\/kasima.lt\/et\/wp-json\/wp\/v2\/media\/31881"}],"wp:attachment":[{"href":"https:\/\/kasima.lt\/et\/wp-json\/wp\/v2\/media?parent=31890"}],"wp:term":[{"taxonomy":"product_brand","embeddable":true,"href":"https:\/\/kasima.lt\/et\/wp-json\/wp\/v2\/product_brand?post=31890"},{"taxonomy":"product_cat","embeddable":true,"href":"https:\/\/kasima.lt\/et\/wp-json\/wp\/v2\/product_cat?post=31890"},{"taxonomy":"product_tag","embeddable":true,"href":"https:\/\/kasima.lt\/et\/wp-json\/wp\/v2\/product_tag?post=31890"}],"curies":[{"name":"wp","href":"https:\/\/api.w.org\/{rel}","templated":true}]}}