{"id":31374,"date":"2024-11-11T09:46:02","date_gmt":"2024-11-11T09:46:02","guid":{"rendered":"https:\/\/kasima.lt\/produktas\/naudotas-smagratis\/"},"modified":"2025-10-29T13:32:30","modified_gmt":"2025-10-29T13:32:30","slug":"naudotas-smagratis","status":"publish","type":"product","link":"https:\/\/kasima.lt\/et\/produktas\/naudotas-smagratis\/","title":{"rendered":"Kasutatud hooratas"},"content":{"rendered":"<p>H\u00f5lmaratta number: B5C20<br \/>L\u00e4bim\u00f5\u00f5t: 46,5 cm<br \/>Keskmise avause l\u00e4bim\u00f5\u00f5t: 8 cm<\/p>\n","protected":false},"excerpt":{"rendered":"<p>Hind ilma k\u00e4ibemaksuta<\/p>\n<p>Tootja:N\/A<br \/>Mudel:KND0076<br \/>Helista:<a href=\"tel:+37060842988\">+37060842988<\/a><br \/>E-post: <a href=\"mailto:usedparts@kasima.lt\">usedparts@kasima.lt<\/a><\/p>\n","protected":false},"featured_media":31350,"template":"","meta":{"_et_pb_use_builder":"","_et_pb_old_content":"","_et_gb_content_width":"","_monsterinsights_skip_tracking":false,"_monsterinsights_sitenote_active":false,"_monsterinsights_sitenote_note":"","_monsterinsights_sitenote_category":0},"product_brand":[],"product_cat":[916,319,684,431,720],"product_tag":[],"class_list":{"0":"post-31374","1":"product","2":"type-product","3":"status-publish","4":"has-post-thumbnail","6":"product_cat-hoordrattad-ja-rihmarattad","7":"product_cat-kasutatud-varuosade","8":"product_cat-ekskavaatori-osad","9":"product_cat-ehitusmasinad-varuosade","10":"product_cat-mootori-osad","12":"first","13":"instock","14":"shipping-taxable","15":"purchasable","16":"product-type-simple"},"aioseo_notices":[],"_links":{"self":[{"href":"https:\/\/kasima.lt\/et\/wp-json\/wp\/v2\/product\/31374","targetHints":{"allow":["GET"]}}],"collection":[{"href":"https:\/\/kasima.lt\/et\/wp-json\/wp\/v2\/product"}],"about":[{"href":"https:\/\/kasima.lt\/et\/wp-json\/wp\/v2\/types\/product"}],"wp:featuredmedia":[{"embeddable":true,"href":"https:\/\/kasima.lt\/et\/wp-json\/wp\/v2\/media\/31350"}],"wp:attachment":[{"href":"https:\/\/kasima.lt\/et\/wp-json\/wp\/v2\/media?parent=31374"}],"wp:term":[{"taxonomy":"product_brand","embeddable":true,"href":"https:\/\/kasima.lt\/et\/wp-json\/wp\/v2\/product_brand?post=31374"},{"taxonomy":"product_cat","embeddable":true,"href":"https:\/\/kasima.lt\/et\/wp-json\/wp\/v2\/product_cat?post=31374"},{"taxonomy":"product_tag","embeddable":true,"href":"https:\/\/kasima.lt\/et\/wp-json\/wp\/v2\/product_tag?post=31374"}],"curies":[{"name":"wp","href":"https:\/\/api.w.org\/{rel}","templated":true}]}}