{"id":30801,"date":"2024-10-21T07:03:39","date_gmt":"2024-10-21T07:03:39","guid":{"rendered":"https:\/\/kasima.lt\/produktas\/naudoti-volvo-ew160b-rankiniai-tureklai\/"},"modified":"2025-10-29T13:32:28","modified_gmt":"2025-10-29T13:32:28","slug":"naudoti-volvo-ew160b-rankiniai-tureklai","status":"publish","type":"product","link":"https:\/\/kasima.lt\/et\/produktas\/naudoti-volvo-ew160b-rankiniai-tureklai\/","title":{"rendered":"Kasutatud k\u00e4sipuud Volvo EW160B-st<br><br>"},"content":{"rendered":"<p>Meil on saadaval kasutatud k\u00e4sipuud Volvo EW160B ekskavaatorist, sealhulgas j\u00e4rgmised osanumbrid:<br \/>VOE14377208 &#8211; K\u00e4sipuuliin<br \/>VOE14375393 &#8211; k\u00e4sipuu<br \/>Need k\u00e4sipuud on heas seisukorras ja pakuvad olulist turvalisust ja tuge masina k\u00e4itamisel ja hooldamisel.<br \/>Hind \u00fchiku kohta<\/p>\n","protected":false},"excerpt":{"rendered":"<p>Hind ilma k\u00e4ibemaksuta<\/p>\n<p>Tootja: VOLVO<br \/>Mudel: EW160B0059<br \/>Helista:<a href=\"tel:+37060842988\">+37060842988<\/a><br \/>E-post: <a href=\"mailto:usedparts@kasima.lt\">usedparts@kasima.lt<\/a><\/p>\n","protected":false},"featured_media":30787,"template":"","meta":{"_et_pb_use_builder":"","_et_pb_old_content":"","_et_gb_content_width":"","_monsterinsights_skip_tracking":false,"_monsterinsights_sitenote_active":false,"_monsterinsights_sitenote_note":"","_monsterinsights_sitenote_category":0},"product_brand":[],"product_cat":[397,816,640,428,319,684,431],"product_tag":[],"class_list":{"0":"post-30801","1":"product","2":"type-product","3":"status-publish","4":"has-post-thumbnail","6":"product_cat-volvo-varuosade","7":"product_cat-ew160b","8":"product_cat-kere-osad","9":"product_cat-muud-varuosade","10":"product_cat-kasutatud-varuosade","11":"product_cat-ekskavaatori-osad","12":"product_cat-ehitusmasinad-varuosade","14":"first","15":"instock","16":"shipping-taxable","17":"purchasable","18":"product-type-simple"},"aioseo_notices":[],"_links":{"self":[{"href":"https:\/\/kasima.lt\/et\/wp-json\/wp\/v2\/product\/30801","targetHints":{"allow":["GET"]}}],"collection":[{"href":"https:\/\/kasima.lt\/et\/wp-json\/wp\/v2\/product"}],"about":[{"href":"https:\/\/kasima.lt\/et\/wp-json\/wp\/v2\/types\/product"}],"wp:featuredmedia":[{"embeddable":true,"href":"https:\/\/kasima.lt\/et\/wp-json\/wp\/v2\/media\/30787"}],"wp:attachment":[{"href":"https:\/\/kasima.lt\/et\/wp-json\/wp\/v2\/media?parent=30801"}],"wp:term":[{"taxonomy":"product_brand","embeddable":true,"href":"https:\/\/kasima.lt\/et\/wp-json\/wp\/v2\/product_brand?post=30801"},{"taxonomy":"product_cat","embeddable":true,"href":"https:\/\/kasima.lt\/et\/wp-json\/wp\/v2\/product_cat?post=30801"},{"taxonomy":"product_tag","embeddable":true,"href":"https:\/\/kasima.lt\/et\/wp-json\/wp\/v2\/product_tag?post=30801"}],"curies":[{"name":"wp","href":"https:\/\/api.w.org\/{rel}","templated":true}]}}