{"id":30384,"date":"2024-10-15T07:49:26","date_gmt":"2024-10-15T07:49:26","guid":{"rendered":"https:\/\/kasima.lt\/produktas\/hidraulinis-plaktukas-ksm-attachments-ksh200-su-priekiniu-uzkabinimu\/"},"modified":"2026-01-15T09:25:17","modified_gmt":"2026-01-15T09:25:17","slug":"hidraulinis-plaktukas-ksm-attachments-ksh200-su-priekiniu-uzkabinimu","status":"publish","type":"product","link":"https:\/\/kasima.lt\/et\/produktas\/hidraulinis-plaktukas-ksm-attachments-ksh200-su-priekiniu-uzkabinimu\/","title":{"rendered":"H\u00fcdrauliline haamer KSM Attachments KSH200 eesmise konksuga"},"content":{"rendered":"<p>Eesmine konksu funktsioon<br \/>H\u00fcdrovasara kaal: 200 kg<br \/>T\u00f6\u00f6\u00f5li vooluhulk: 20 &#8211; 30 ltr\/min.<br \/>T\u00f6\u00f6\u00f5li r\u00f5hk: 90 &#8211; 120 bar.<br \/>L\u00f6\u00f6gisagedus: 500 &#8211; 1000 l\u00f6\u00f6ki minutis;<br \/>Tera l\u00e4bim\u00f5\u00f5t: 45 mm<br \/>H\u00fcdraulilise vooliku l\u00e4bim\u00f5\u00f5t: 1\/2<br \/>H\u00fcdrauliline voolik ja hooldust\u00f6\u00f6riistade komplekt kaasas<\/p>\n<p>H\u00fcdrovasar betooni, raudbetoonkonstruktsioonide, k\u00fclmunud pinnase, asfaldi l\u00f5hkumiseks. Seda saab kasutada ka k\u00f5vade materjalide, nagu kivi v\u00f5i kivim, purustamiseks ja purustamiseks ning sobib v\u00e4ikeste vaiade sepistamiseks. KSH 200 purustusv\u00f5imsus on v\u00f5rreldamatu k\u00e4siveskiga, mist\u00f5ttu on sellega palju lihtsam t\u00f6\u00f6tada, ja esiotsaga haakimisfunktsioon muudab h\u00fcdrovasara veelgi mitmek\u00fclgsemini kasutatavaks <br \/>Norra kaubam\u00e4rk KSM Attachments pakub suurep\u00e4rast hinna ja kvaliteedi suhet. <br \/>12-kuuline garantii tehase defektide suhtes <br \/>KASIMA Ltd. pakub garantii- ja garantiij\u00e4rgset hooldust<\/p>\n<p>Meil on kaup kohapeal, nii et saate tulla ja vaadata neid isiklikult <br \/>Kiire tarne teie m\u00e4\u00e4ratud aadressile.   <\/p>\n","protected":false},"excerpt":{"rendered":"<p>Hind ilma k\u00e4ibemaksuta<\/p>\n<p>Tootja: KSM Attachments<br \/>\nMudel: KSH200 esiplaat<br \/>\nHelista: <a href=\"tel:+37067607071\">+37067607071<\/a><br \/>\nE-post: <a href=\"mailto:sales@kasima.lt\">sales@kasima.lt<\/a><\/p>\n","protected":false},"featured_media":89108,"template":"","meta":{"_et_pb_use_builder":"","_et_pb_old_content":"","_et_gb_content_width":"","_monsterinsights_skip_tracking":false,"_monsterinsights_sitenote_active":false,"_monsterinsights_sitenote_note":"","_monsterinsights_sitenote_category":0},"product_brand":[],"product_cat":[159,161,165,226,167,156],"product_tag":[],"class_list":{"0":"post-30384","1":"product","2":"type-product","3":"status-publish","4":"has-post-thumbnail","6":"product_cat-15-3-tonni","7":"product_cat-3-5-tonni","8":"product_cat-uus","9":"product_cat-hudrovasar","10":"product_cat-ekskavaator","11":"product_cat-minilaadur","13":"first","14":"onbackorder","15":"shipping-taxable","16":"product-type-simple"},"aioseo_notices":[],"_links":{"self":[{"href":"https:\/\/kasima.lt\/et\/wp-json\/wp\/v2\/product\/30384","targetHints":{"allow":["GET"]}}],"collection":[{"href":"https:\/\/kasima.lt\/et\/wp-json\/wp\/v2\/product"}],"about":[{"href":"https:\/\/kasima.lt\/et\/wp-json\/wp\/v2\/types\/product"}],"wp:featuredmedia":[{"embeddable":true,"href":"https:\/\/kasima.lt\/et\/wp-json\/wp\/v2\/media\/89108"}],"wp:attachment":[{"href":"https:\/\/kasima.lt\/et\/wp-json\/wp\/v2\/media?parent=30384"}],"wp:term":[{"taxonomy":"product_brand","embeddable":true,"href":"https:\/\/kasima.lt\/et\/wp-json\/wp\/v2\/product_brand?post=30384"},{"taxonomy":"product_cat","embeddable":true,"href":"https:\/\/kasima.lt\/et\/wp-json\/wp\/v2\/product_cat?post=30384"},{"taxonomy":"product_tag","embeddable":true,"href":"https:\/\/kasima.lt\/et\/wp-json\/wp\/v2\/product_tag?post=30384"}],"curies":[{"name":"wp","href":"https:\/\/api.w.org\/{rel}","templated":true}]}}