{"id":24258,"date":"2024-07-24T10:56:18","date_gmt":"2024-07-24T10:56:18","guid":{"rendered":"https:\/\/kasima.lt\/produktas\/caterpillar-lr18b-krastovaizdzio-greblys\/"},"modified":"2025-10-29T13:31:52","modified_gmt":"2025-10-29T13:31:52","slug":"caterpillar-lr18b-krastovaizdzio-greblys","status":"publish","type":"product","link":"https:\/\/kasima.lt\/et\/produktas\/caterpillar-lr18b-krastovaizdzio-greblys\/","title":{"rendered":"Caterpillar LR18B maastikuharveste"},"content":{"rendered":"<p>Praktiliselt uus,<br \/>Laius 199 cm,<br \/>T\u00f6\u00f6laius 188 cm,<br \/>Kaal 650 kg,<br \/>T\u00f6\u00f6\u00f5li vooluhulk 42-83 ltr.\/min.,<br \/>Ei kasutata Leedus <\/p>\n<p><iframe loading=\"lazy\" title=\"Caterpillar LR18B landscape rake for sale!\" width=\"1080\" height=\"608\" src=\"https:\/\/www.youtube.com\/embed\/18M6Aw2-BtA?feature=oembed\"  allow=\"accelerometer; autoplay; clipboard-write; encrypted-media; gyroscope; picture-in-picture; web-share\" referrerpolicy=\"strict-origin-when-cross-origin\" allowfullscreen><\/iframe><\/p>\n","protected":false},"excerpt":{"rendered":"<p>Hind ilma k\u00e4ibemaksuta<\/p>\n<p>Tootja: CATERPILLAR<br \/>Mudel: LR18B<br \/>Helista: <a href=\"tel:+37067607071\">+37067607071<\/a><br \/>E-post: <a href=\"mailto:sales@kasima.lt\">sales@kasima.lt<\/a><\/p>\n","protected":false},"featured_media":24194,"template":"","meta":{"_et_pb_use_builder":"","_et_pb_old_content":"","_et_gb_content_width":"","_monsterinsights_skip_tracking":false,"_monsterinsights_sitenote_active":false,"_monsterinsights_sitenote_note":"","_monsterinsights_sitenote_category":0},"product_brand":[],"product_cat":[214,234,156,193],"product_tag":[],"class_list":{"0":"post-24258","1":"product","2":"type-product","3":"status-publish","4":"has-post-thumbnail","6":"product_cat-kasutatud","7":"product_cat-muud-lisaseadmed","8":"product_cat-minilaadur","9":"product_cat-kultivaatorid","11":"first","12":"outofstock","13":"shipping-taxable","14":"product-type-simple"},"aioseo_notices":[],"_links":{"self":[{"href":"https:\/\/kasima.lt\/et\/wp-json\/wp\/v2\/product\/24258","targetHints":{"allow":["GET"]}}],"collection":[{"href":"https:\/\/kasima.lt\/et\/wp-json\/wp\/v2\/product"}],"about":[{"href":"https:\/\/kasima.lt\/et\/wp-json\/wp\/v2\/types\/product"}],"wp:featuredmedia":[{"embeddable":true,"href":"https:\/\/kasima.lt\/et\/wp-json\/wp\/v2\/media\/24194"}],"wp:attachment":[{"href":"https:\/\/kasima.lt\/et\/wp-json\/wp\/v2\/media?parent=24258"}],"wp:term":[{"taxonomy":"product_brand","embeddable":true,"href":"https:\/\/kasima.lt\/et\/wp-json\/wp\/v2\/product_brand?post=24258"},{"taxonomy":"product_cat","embeddable":true,"href":"https:\/\/kasima.lt\/et\/wp-json\/wp\/v2\/product_cat?post=24258"},{"taxonomy":"product_tag","embeddable":true,"href":"https:\/\/kasima.lt\/et\/wp-json\/wp\/v2\/product_tag?post=24258"}],"curies":[{"name":"wp","href":"https:\/\/api.w.org\/{rel}","templated":true}]}}