{"id":23164,"date":"2024-07-09T13:23:37","date_gmt":"2024-07-09T13:23:37","guid":{"rendered":"https:\/\/kasima.lt\/produktas\/komatsu-pw160-7-koloneles-sukimosi-mechanizmas\/"},"modified":"2025-10-29T13:20:53","modified_gmt":"2025-10-29T13:20:53","slug":"komatsu-pw160-7-koloneles-sukimosi-mechanizmas","status":"publish","type":"product","link":"https:\/\/kasima.lt\/et\/produktas\/komatsu-pw160-7-koloneles-sukimosi-mechanizmas\/","title":{"rendered":"Komatsu PW160-7 p\u00f6\u00f6rlemismehhanism"},"content":{"rendered":"<p>&#8220;Komatsu PW160-7 p\u00f6\u00f6rlemismehhanism<br \/>KYB h\u00fcdromootor MSF-85P<br \/>Tootja ID:<br \/>20G2631100<br \/>20G-26-31100<br \/>20G-26-31670<br \/>20J-26-32290<br \/>20J-26-32280<br \/>20J-26-32110<br \/>Seeria nr. 580060 <\/p>\n","protected":false},"excerpt":{"rendered":"<p>Hind ilma k\u00e4ibemaksuta<\/p>\n<p>Tootja: KYB<br \/>Mudel: PW16070003<br \/>Helista: <a href=\"tel:+37060842988\">+37060842988<\/a><br \/>E-post: <a href=\"mailto:usedparts@kasima.lt\">usedparts@kasima.lt<\/a><\/p>\n","protected":false},"featured_media":29164,"template":"","meta":{"_et_pb_use_builder":"","_et_pb_old_content":"","_et_gb_content_width":"","_monsterinsights_skip_tracking":false,"_monsterinsights_sitenote_active":false,"_monsterinsights_sitenote_note":"","_monsterinsights_sitenote_category":0},"product_brand":[],"product_cat":[896,480,628,319,684,431,756],"product_tag":[],"class_list":{"0":"post-23164","1":"product","2":"type-product","3":"status-publish","4":"has-post-thumbnail","6":"product_cat-pw160-7-2007","7":"product_cat-komatsu-osad","8":"product_cat-hudromootorid","9":"product_cat-kasutatud-varuosade","10":"product_cat-ekskavaatori-osad","11":"product_cat-ehitusmasinad-varuosade","12":"product_cat-poordesusteemi-osad","14":"first","15":"instock","16":"shipping-taxable","17":"purchasable","18":"product-type-simple"},"aioseo_notices":[],"_links":{"self":[{"href":"https:\/\/kasima.lt\/et\/wp-json\/wp\/v2\/product\/23164","targetHints":{"allow":["GET"]}}],"collection":[{"href":"https:\/\/kasima.lt\/et\/wp-json\/wp\/v2\/product"}],"about":[{"href":"https:\/\/kasima.lt\/et\/wp-json\/wp\/v2\/types\/product"}],"wp:featuredmedia":[{"embeddable":true,"href":"https:\/\/kasima.lt\/et\/wp-json\/wp\/v2\/media\/29164"}],"wp:attachment":[{"href":"https:\/\/kasima.lt\/et\/wp-json\/wp\/v2\/media?parent=23164"}],"wp:term":[{"taxonomy":"product_brand","embeddable":true,"href":"https:\/\/kasima.lt\/et\/wp-json\/wp\/v2\/product_brand?post=23164"},{"taxonomy":"product_cat","embeddable":true,"href":"https:\/\/kasima.lt\/et\/wp-json\/wp\/v2\/product_cat?post=23164"},{"taxonomy":"product_tag","embeddable":true,"href":"https:\/\/kasima.lt\/et\/wp-json\/wp\/v2\/product_tag?post=23164"}],"curies":[{"name":"wp","href":"https:\/\/api.w.org\/{rel}","templated":true}]}}