{"id":22725,"date":"2024-07-05T06:16:45","date_gmt":"2024-07-05T06:16:45","guid":{"rendered":"https:\/\/kasima.lt\/produktas\/volvo-d6deje2-variklio-alkuninis-velenas\/"},"modified":"2025-10-29T13:20:52","modified_gmt":"2025-10-29T13:20:52","slug":"volvo-d6deje2-variklio-alkuninis-velenas","status":"publish","type":"product","link":"https:\/\/kasima.lt\/et\/produktas\/volvo-d6deje2-variklio-alkuninis-velenas\/","title":{"rendered":"Volvo D6DEJE2 mootori v\u00e4ntv\u00f5ll"},"content":{"rendered":"<p>Volvo D6DEJE2 mootori v\u00e4ntv\u00f5ll<br \/>\nVolvo EW160B-st eemaldatud mootor<br \/>\nTootja osa number: VOE21351400<\/p>\n","protected":false},"excerpt":{"rendered":"<p>Hind ilma k\u00e4ibemaksuta<\/p>\n<p>Tootja VOLVO<br \/>\nMudel: EW160B0041<br \/>\nHelista: <a href=\"tel:+37060842988\">+37060842988<\/a><br \/>\nKontakt: <a href=\"mailto:usedparts@kasima.lt\">usedparts@kasima.lt<\/a><\/p>\n","protected":false},"featured_media":22711,"template":"","meta":{"_et_pb_use_builder":"","_et_pb_old_content":"","_et_gb_content_width":"","_monsterinsights_skip_tracking":false,"_monsterinsights_sitenote_active":false,"_monsterinsights_sitenote_note":"","_monsterinsights_sitenote_category":0},"product_brand":[],"product_cat":[397,816,319,431,720,728],"product_tag":[],"class_list":{"0":"post-22725","1":"product","2":"type-product","3":"status-publish","4":"has-post-thumbnail","6":"product_cat-volvo-varuosade","7":"product_cat-ew160b","8":"product_cat-kasutatud-varuosade","9":"product_cat-ehitusmasinad-varuosade","10":"product_cat-mootori-osad","11":"product_cat-mootorid-ja-nende-osad","13":"first","14":"instock","15":"shipping-taxable","16":"purchasable","17":"product-type-simple"},"aioseo_notices":[],"_links":{"self":[{"href":"https:\/\/kasima.lt\/et\/wp-json\/wp\/v2\/product\/22725","targetHints":{"allow":["GET"]}}],"collection":[{"href":"https:\/\/kasima.lt\/et\/wp-json\/wp\/v2\/product"}],"about":[{"href":"https:\/\/kasima.lt\/et\/wp-json\/wp\/v2\/types\/product"}],"wp:featuredmedia":[{"embeddable":true,"href":"https:\/\/kasima.lt\/et\/wp-json\/wp\/v2\/media\/22711"}],"wp:attachment":[{"href":"https:\/\/kasima.lt\/et\/wp-json\/wp\/v2\/media?parent=22725"}],"wp:term":[{"taxonomy":"product_brand","embeddable":true,"href":"https:\/\/kasima.lt\/et\/wp-json\/wp\/v2\/product_brand?post=22725"},{"taxonomy":"product_cat","embeddable":true,"href":"https:\/\/kasima.lt\/et\/wp-json\/wp\/v2\/product_cat?post=22725"},{"taxonomy":"product_tag","embeddable":true,"href":"https:\/\/kasima.lt\/et\/wp-json\/wp\/v2\/product_tag?post=22725"}],"curies":[{"name":"wp","href":"https:\/\/api.w.org\/{rel}","templated":true}]}}