{"id":22132,"date":"2024-06-28T11:09:42","date_gmt":"2024-06-28T11:09:42","guid":{"rendered":"https:\/\/kasima.lt\/product\/volvo-ew160b-tepimo-sistemos-blokas\/"},"modified":"2025-10-29T13:20:48","modified_gmt":"2025-10-29T13:20:48","slug":"volvo-ew160b-tepimo-sistemos-blokas","status":"publish","type":"product","link":"https:\/\/kasima.lt\/et\/produktas\/volvo-ew160b-tepimo-sistemos-blokas\/","title":{"rendered":"Volvo EW160B m\u00e4\u00e4rdes\u00fcsteemi plokk"},"content":{"rendered":"<p>Volvo EW160B ekskavaatori VPBM-6 m\u00e4\u00e4rdes\u00fcsteemi plokk<br \/>\nVPBM-6 m\u00f5\u00f5teseadme plokk progressiivsete m\u00e4\u00e4rdes\u00fcsteemide jaoks<br \/>\nTootja osa number: VOE14373498<\/p>\n","protected":false},"excerpt":{"rendered":"<p>Hind ilma k\u00e4ibemaksuta<\/p>\n<p>Tootja: Volvo<br \/>\nMudel: EW160B0032<br \/>\nHelista: <a href=\"tel:+37060842988\">+37060842988<\/a><br \/>\nKontakt: <a href=\"mailto:usedparts@kasima.lt\">usedparts@kasima.lt<\/a><\/p>\n","protected":false},"featured_media":22128,"template":"","meta":{"_et_pb_use_builder":"","_et_pb_old_content":"","_et_gb_content_width":"","_monsterinsights_skip_tracking":false,"_monsterinsights_sitenote_active":false,"_monsterinsights_sitenote_note":"","_monsterinsights_sitenote_category":0},"product_brand":[],"product_cat":[397,816,608,319,684,431],"product_tag":[],"class_list":{"0":"post-22132","1":"product","2":"type-product","3":"status-publish","4":"has-post-thumbnail","6":"product_cat-volvo-varuosade","7":"product_cat-ew160b","8":"product_cat-hudrosusteemi-osad","9":"product_cat-kasutatud-varuosade","10":"product_cat-ekskavaatori-osad","11":"product_cat-ehitusmasinad-varuosade","13":"first","14":"instock","15":"shipping-taxable","16":"purchasable","17":"product-type-simple"},"aioseo_notices":[],"_links":{"self":[{"href":"https:\/\/kasima.lt\/et\/wp-json\/wp\/v2\/product\/22132","targetHints":{"allow":["GET"]}}],"collection":[{"href":"https:\/\/kasima.lt\/et\/wp-json\/wp\/v2\/product"}],"about":[{"href":"https:\/\/kasima.lt\/et\/wp-json\/wp\/v2\/types\/product"}],"wp:featuredmedia":[{"embeddable":true,"href":"https:\/\/kasima.lt\/et\/wp-json\/wp\/v2\/media\/22128"}],"wp:attachment":[{"href":"https:\/\/kasima.lt\/et\/wp-json\/wp\/v2\/media?parent=22132"}],"wp:term":[{"taxonomy":"product_brand","embeddable":true,"href":"https:\/\/kasima.lt\/et\/wp-json\/wp\/v2\/product_brand?post=22132"},{"taxonomy":"product_cat","embeddable":true,"href":"https:\/\/kasima.lt\/et\/wp-json\/wp\/v2\/product_cat?post=22132"},{"taxonomy":"product_tag","embeddable":true,"href":"https:\/\/kasima.lt\/et\/wp-json\/wp\/v2\/product_tag?post=22132"}],"curies":[{"name":"wp","href":"https:\/\/api.w.org\/{rel}","templated":true}]}}