{"id":21473,"date":"2024-06-19T11:19:48","date_gmt":"2024-06-19T11:19:48","guid":{"rendered":"https:\/\/kasima.lt\/product\/cnf-t45-mini-dumperis\/"},"modified":"2025-10-29T13:20:47","modified_gmt":"2025-10-29T13:20:47","slug":"cnf-t45-mini-dumperis","status":"publish","type":"product","link":"https:\/\/kasima.lt\/et\/produktas\/cnf-t45-mini-dumperis\/","title":{"rendered":"CNF T45 minikallur"},"content":{"rendered":"<p>Valmistamise aasta: 2023<br \/>Seisund: Demonstratsiooniversioon<br \/>Mootor: Honda GX200 koos starteriga<br \/>K\u00fctuse t\u00fc\u00fcp: bensiin<br \/>K\u00e4igukast: h\u00fcdrostaatiline<br \/>Kiirus 2,5 km.\/h. 0,29 kuupmeetrit.<br \/>H\u00fcdrosilindri turvaventiilid<br \/>Pikkus 140 cm.<br \/>Laius 68 cm.<br \/>T\u00fchimass 340 kg.<br \/>T\u00f5stev\u00f5ime 450 kg.<br \/>Oleme ametlik edasim\u00fc\u00fcja Leedus, L\u00e4tis, Eestis. Garantii. M\u00fc\u00fcgij\u00e4rgne teenindus. Kohaletoimetamine on v\u00f5imalik teie poolt m\u00e4\u00e4ratud aadressile<br \/><a href=\"\">. https:\/\/www.youtube.com\/watch?v=S8lD_0QgwgY.<\/a><\/p>\n","protected":false},"excerpt":{"rendered":"<p>Hind ilma k\u00e4ibemaksuta<\/p>\n<p>Tootja: CNF<br \/>Mudel: T45<br \/>Helista: <a href=\"tel:+37067607071\">+37067607071<\/a><br \/>E-post: <a href=\"mailto:sales@kasima.lt\">sales@kasima.lt<\/a><\/p>\n","protected":false},"featured_media":21398,"template":"","meta":{"_et_pb_use_builder":"","_et_pb_old_content":"","_et_gb_content_width":"","_monsterinsights_skip_tracking":false,"_monsterinsights_sitenote_active":false,"_monsterinsights_sitenote_note":"","_monsterinsights_sitenote_category":0},"product_brand":[],"product_cat":[147],"product_tag":[],"class_list":{"0":"post-21473","1":"product","2":"type-product","3":"status-publish","4":"has-post-thumbnail","6":"product_cat-ehitus","8":"first","9":"instock","10":"sale","11":"shipping-taxable","12":"purchasable","13":"product-type-simple"},"aioseo_notices":[],"_links":{"self":[{"href":"https:\/\/kasima.lt\/et\/wp-json\/wp\/v2\/product\/21473","targetHints":{"allow":["GET"]}}],"collection":[{"href":"https:\/\/kasima.lt\/et\/wp-json\/wp\/v2\/product"}],"about":[{"href":"https:\/\/kasima.lt\/et\/wp-json\/wp\/v2\/types\/product"}],"wp:featuredmedia":[{"embeddable":true,"href":"https:\/\/kasima.lt\/et\/wp-json\/wp\/v2\/media\/21398"}],"wp:attachment":[{"href":"https:\/\/kasima.lt\/et\/wp-json\/wp\/v2\/media?parent=21473"}],"wp:term":[{"taxonomy":"product_brand","embeddable":true,"href":"https:\/\/kasima.lt\/et\/wp-json\/wp\/v2\/product_brand?post=21473"},{"taxonomy":"product_cat","embeddable":true,"href":"https:\/\/kasima.lt\/et\/wp-json\/wp\/v2\/product_cat?post=21473"},{"taxonomy":"product_tag","embeddable":true,"href":"https:\/\/kasima.lt\/et\/wp-json\/wp\/v2\/product_tag?post=21473"}],"curies":[{"name":"wp","href":"https:\/\/api.w.org\/{rel}","templated":true}]}}