{"id":106831,"date":"2026-05-14T10:28:31","date_gmt":"2026-05-14T08:28:31","guid":{"rendered":"https:\/\/kasima.lt\/produktas\/ir-abg-titan-325-epm\/"},"modified":"2026-05-14T10:32:18","modified_gmt":"2026-05-14T08:32:18","slug":"ir-abg-titan-325-epm","status":"publish","type":"product","link":"https:\/\/kasima.lt\/et\/produktas\/ir-abg-titan-325-epm\/","title":{"rendered":"IR-ABG TITAN 325 EPM"},"content":{"rendered":"<p>Spetsifikatsioon:<\/p>\n<p>Aasta: 2003<br \/>\nV\u00f5imsus: 129,5 kW<br \/>\nT\u00fchimass: 16 450 kg<br \/>\nT\u00f6\u00f6kaal: 20 000 kg<br \/>\nH\u00fcdrauliliselt laiendatav tasanduslaud<br \/>\nRoomik\u0161assii<\/p>\n<p>Kohaletoimetamine kliendi m\u00e4\u00e4ratud aadressile on v\u00f5imalik.<br \/>\n<iframe loading=\"lazy\" title=\"IR ABG TITAN 325 EPM\u2502 UAB KASIMA\" width=\"1080\" height=\"608\" src=\"https:\/\/www.youtube.com\/embed\/9Wcxmnvoxbs?feature=oembed\"  allow=\"accelerometer; autoplay; clipboard-write; encrypted-media; gyroscope; picture-in-picture; web-share\" referrerpolicy=\"strict-origin-when-cross-origin\" allowfullscreen><\/iframe><\/p>\n","protected":false},"excerpt":{"rendered":"<p>Hind ilma k\u00e4ibemaksuta<\/p>\n<p>Tootja: IR-ABG<br \/>\nMudel: TITAN 325 EPM<br \/>\nHelista: <a href=\"tel:+37067607071\">+37067607071<\/a><br \/>\nE-post: <a href=\"mailto:sales@kasima.lt\">sales@kasima.lt<\/a><\/p>\n","protected":false},"featured_media":106501,"template":"","meta":{"_et_pb_use_builder":"","_et_pb_old_content":"","_et_gb_content_width":"","_monsterinsights_skip_tracking":false,"_monsterinsights_sitenote_active":false,"_monsterinsights_sitenote_note":"","_monsterinsights_sitenote_category":0},"product_brand":[],"product_cat":[196],"product_tag":[],"class_list":{"0":"post-106831","1":"product","2":"type-product","3":"status-publish","4":"has-post-thumbnail","6":"product_cat-tee-ehitusmasinad","8":"first","9":"instock","10":"shipping-taxable","11":"purchasable","12":"product-type-simple"},"aioseo_notices":[],"_links":{"self":[{"href":"https:\/\/kasima.lt\/et\/wp-json\/wp\/v2\/product\/106831","targetHints":{"allow":["GET"]}}],"collection":[{"href":"https:\/\/kasima.lt\/et\/wp-json\/wp\/v2\/product"}],"about":[{"href":"https:\/\/kasima.lt\/et\/wp-json\/wp\/v2\/types\/product"}],"wp:featuredmedia":[{"embeddable":true,"href":"https:\/\/kasima.lt\/et\/wp-json\/wp\/v2\/media\/106501"}],"wp:attachment":[{"href":"https:\/\/kasima.lt\/et\/wp-json\/wp\/v2\/media?parent=106831"}],"wp:term":[{"taxonomy":"product_brand","embeddable":true,"href":"https:\/\/kasima.lt\/et\/wp-json\/wp\/v2\/product_brand?post=106831"},{"taxonomy":"product_cat","embeddable":true,"href":"https:\/\/kasima.lt\/et\/wp-json\/wp\/v2\/product_cat?post=106831"},{"taxonomy":"product_tag","embeddable":true,"href":"https:\/\/kasima.lt\/et\/wp-json\/wp\/v2\/product_tag?post=106831"}],"curies":[{"name":"wp","href":"https:\/\/api.w.org\/{rel}","templated":true}]}}