{"id":105432,"date":"2026-05-07T10:23:30","date_gmt":"2026-05-07T08:23:30","guid":{"rendered":"https:\/\/kasima.lt\/produktas\/hamm-h-13i\/"},"modified":"2026-05-07T10:27:21","modified_gmt":"2026-05-07T08:27:21","slug":"hamm-h-13i","status":"publish","type":"product","link":"https:\/\/kasima.lt\/et\/produktas\/hamm-h-13i\/","title":{"rendered":"Hamm H 13i"},"content":{"rendered":"<p>M\u00fc\u00fca v\u00e4ga heas t\u00f6\u00f6korras pinnaserull Hamm H13i. <\/p>\n<p>Tehnilised andmed:<\/p>\n<p>Mark \/ mudel: Hamm H13i<br \/>\nTootmisaasta: 2017<br \/>\nV\u00f5imsus: 115 kW (Deutz mootor)<br \/>\nT\u00f6\u00f6tunnid: 5 539 h<br \/>\nKaal: umbes 13 000 kg<br \/>\nMaksimaalne t\u00f6\u00f6kaal: 15 870 kg<br \/>\nT\u00fc\u00fcp: \u00fche trumliga pinnaserull<br \/>\nVarustatud integreeritud HCQ (Hamm Compaction Quality) s\u00fcsteemiga<br \/>\nKliimaseade<\/p>\n<p>Lisaks kuulub komplekti segment-k\u00e4ppade komplekt.<\/p>\n<p>T\u00f6\u00f6valmis.<br \/>\nV\u00f5imalik \u00fclevaatus ja testimine UAB KASIMA platsil.<br \/>\nV\u00f5imalik transport kliendi m\u00e4\u00e4ratud aadressile Eestis v\u00f5i v\u00e4lismaal.<\/p>\n<p><iframe loading=\"lazy\" title=\"Hamm H 13i \u2502 UAB KASIMA\" width=\"1080\" height=\"608\" src=\"https:\/\/www.youtube.com\/embed\/k874_mxycnw?feature=oembed\"  allow=\"accelerometer; autoplay; clipboard-write; encrypted-media; gyroscope; picture-in-picture; web-share\" referrerpolicy=\"strict-origin-when-cross-origin\" allowfullscreen><\/iframe><\/p>\n","protected":false},"excerpt":{"rendered":"<p>Hind ilma k\u00e4ibemaksuta<\/p>\n<p>Tootja: Hamm<br \/>\nMudel: H 13i<br \/>\nHelista: <a href=\"tel:+37067607071\">+37067607071<\/a><br \/>\nE-post: <a href=\"mailto:sales@kasima.lt\">sales@kasima.lt<\/a><\/p>\n","protected":false},"featured_media":105144,"template":"","meta":{"_et_pb_use_builder":"","_et_pb_old_content":"","_et_gb_content_width":"","_monsterinsights_skip_tracking":false,"_monsterinsights_sitenote_active":false,"_monsterinsights_sitenote_note":"","_monsterinsights_sitenote_category":0},"product_brand":[],"product_cat":[777,147],"product_tag":[],"class_list":{"0":"post-105432","1":"product","2":"type-product","3":"status-publish","4":"has-post-thumbnail","6":"product_cat-masinad","7":"product_cat-ehitus","9":"first","10":"instock","11":"shipping-taxable","12":"purchasable","13":"product-type-simple"},"aioseo_notices":[],"_links":{"self":[{"href":"https:\/\/kasima.lt\/et\/wp-json\/wp\/v2\/product\/105432","targetHints":{"allow":["GET"]}}],"collection":[{"href":"https:\/\/kasima.lt\/et\/wp-json\/wp\/v2\/product"}],"about":[{"href":"https:\/\/kasima.lt\/et\/wp-json\/wp\/v2\/types\/product"}],"wp:featuredmedia":[{"embeddable":true,"href":"https:\/\/kasima.lt\/et\/wp-json\/wp\/v2\/media\/105144"}],"wp:attachment":[{"href":"https:\/\/kasima.lt\/et\/wp-json\/wp\/v2\/media?parent=105432"}],"wp:term":[{"taxonomy":"product_brand","embeddable":true,"href":"https:\/\/kasima.lt\/et\/wp-json\/wp\/v2\/product_brand?post=105432"},{"taxonomy":"product_cat","embeddable":true,"href":"https:\/\/kasima.lt\/et\/wp-json\/wp\/v2\/product_cat?post=105432"},{"taxonomy":"product_tag","embeddable":true,"href":"https:\/\/kasima.lt\/et\/wp-json\/wp\/v2\/product_tag?post=105432"}],"curies":[{"name":"wp","href":"https:\/\/api.w.org\/{rel}","templated":true}]}}