{"id":105136,"date":"2026-04-30T08:26:17","date_gmt":"2026-04-30T06:26:17","guid":{"rendered":"https:\/\/kasima.lt\/produktas\/bobcat-e85\/"},"modified":"2026-04-30T08:32:49","modified_gmt":"2026-04-30T06:32:49","slug":"bobcat-e85","status":"publish","type":"product","link":"https:\/\/kasima.lt\/et\/produktas\/bobcat-e85\/","title":{"rendered":"Bobcat E85"},"content":{"rendered":"<p>Ekskavaator Bobcat E85<\/p>\n<p>M\u00fc\u00fca 2020. aasta Bobcat E85 \u2013 midi-ekskavaator.<\/p>\n<p>P\u00f5hiandmed:<\/p>\n<p>Aasta: 2020<br \/>\nMootor: Yanmar, 44 kW<br \/>\nKiirliide: mehaaniline<br \/>\nT\u00f6\u00f6tunnid: 2695 h<br \/>\nSeisukord: kasutatud, hea<\/p>\n<p>Eelised:<br \/>Pikk nool<br \/>\nTopelth\u00fcdraulika liinid<br \/>\nT\u00f6\u00f6kindel ja \u00f6konoomne Yanmar mootor<br \/>\nKompaktne disain, lihtne transportida<br \/>\nMehaaniline kiirliide \u2013 kiireks koppade vahetuseks<br \/>\nKliimaseade<\/p>\n<p>V\u00f5imalik komplekteerida erinevate lisaseadmetega, nagu mullapuur, h\u00fcdrohaamer, lammutus- ja l\u00f5ikek\u00e4\u00e4rid, betoonisegisti v\u00f5i muu lisavarustus. <\/p>\n<p>V\u00f5imalik \u00fclevaatus ja testimine UAB KASIMA platsil.<br \/>\nV\u00f5imalik transport kliendi m\u00e4\u00e4ratud aadressile.<\/p>\n<p><iframe loading=\"lazy\" title=\"Bobcat E85\u2502UAB KASIMA\" width=\"1080\" height=\"608\" src=\"https:\/\/www.youtube.com\/embed\/kzcAEZzoCqQ?feature=oembed\"  allow=\"accelerometer; autoplay; clipboard-write; encrypted-media; gyroscope; picture-in-picture; web-share\" referrerpolicy=\"strict-origin-when-cross-origin\" allowfullscreen><\/iframe><\/p>\n","protected":false},"excerpt":{"rendered":"<p>Hind ilma k\u00e4ibemaksuta<\/p>\n<p>Tootja: Bobcat<br \/>\nMudel: e85<br \/>\nHelista: <a href=\"tel:+37067607071\">+37067607071<\/a><br \/>\nE-post: <a href=\"mailto:sales@kasima.lt\">sales@kasima.lt<\/a><\/p>\n","protected":false},"featured_media":104849,"template":"","meta":{"_et_pb_use_builder":"","_et_pb_old_content":"","_et_gb_content_width":"","_monsterinsights_skip_tracking":false,"_monsterinsights_sitenote_active":false,"_monsterinsights_sitenote_note":"","_monsterinsights_sitenote_category":0},"product_brand":[],"product_cat":[147],"product_tag":[],"class_list":{"0":"post-105136","1":"product","2":"type-product","3":"status-publish","4":"has-post-thumbnail","6":"product_cat-ehitus","8":"first","9":"instock","10":"shipping-taxable","11":"purchasable","12":"product-type-simple"},"aioseo_notices":[],"_links":{"self":[{"href":"https:\/\/kasima.lt\/et\/wp-json\/wp\/v2\/product\/105136","targetHints":{"allow":["GET"]}}],"collection":[{"href":"https:\/\/kasima.lt\/et\/wp-json\/wp\/v2\/product"}],"about":[{"href":"https:\/\/kasima.lt\/et\/wp-json\/wp\/v2\/types\/product"}],"wp:featuredmedia":[{"embeddable":true,"href":"https:\/\/kasima.lt\/et\/wp-json\/wp\/v2\/media\/104849"}],"wp:attachment":[{"href":"https:\/\/kasima.lt\/et\/wp-json\/wp\/v2\/media?parent=105136"}],"wp:term":[{"taxonomy":"product_brand","embeddable":true,"href":"https:\/\/kasima.lt\/et\/wp-json\/wp\/v2\/product_brand?post=105136"},{"taxonomy":"product_cat","embeddable":true,"href":"https:\/\/kasima.lt\/et\/wp-json\/wp\/v2\/product_cat?post=105136"},{"taxonomy":"product_tag","embeddable":true,"href":"https:\/\/kasima.lt\/et\/wp-json\/wp\/v2\/product_tag?post=105136"}],"curies":[{"name":"wp","href":"https:\/\/api.w.org\/{rel}","templated":true}]}}