{"id":104582,"date":"2026-04-24T09:24:54","date_gmt":"2026-04-24T07:24:54","guid":{"rendered":"https:\/\/kasima.lt\/produktas\/komatsu-pw160-7h-2006-m-parduodamas-dalimis\/"},"modified":"2026-04-24T09:34:39","modified_gmt":"2026-04-24T07:34:39","slug":"komatsu-pw160-7h-2006-m-parduodamas-dalimis","status":"publish","type":"product","link":"https:\/\/kasima.lt\/et\/produktas\/komatsu-pw160-7h-2006-m-parduodamas-dalimis\/","title":{"rendered":"Komatsu PW160-7H (2006) m\u00fc\u00fcakse osadena"},"content":{"rendered":"<p>2006. aasta Komatsu PW160-7H ekskavaator, mida demonteeritakse osadeks.<br \/>\nMootor on rikkis<br \/>\nSaadaval olevad osad:<br \/>\nT\u00e4ielik h\u00fcdraulikas\u00fcsteem,<br \/>\nSilindrid,<br \/>\nAlusvankri osad,<br \/>\nK\u00e4igukast,<br \/>\nJahutuss\u00fcsteem,<br \/>\nKabiini osad,<br \/>\nElektroonika jne. <\/p>\n","protected":false},"excerpt":{"rendered":"<p>Hind ilma k\u00e4ibemaksuta<\/p>\n<p>Tootja: KOMATSU<br \/>\nMudel: PW160-7H<br \/>\nTelefon: <a href=\"tel:+37060842988\">+37060842988<\/a><br \/>\nE-post: <a href=\"mailto:usedparts@kasima.lt\">usedparts@kasima.lt<\/a><\/p>\n","protected":false},"featured_media":104559,"template":"","meta":{"_et_pb_use_builder":"","_et_pb_old_content":"","_et_gb_content_width":"","_monsterinsights_skip_tracking":false,"_monsterinsights_sitenote_active":false,"_monsterinsights_sitenote_note":"","_monsterinsights_sitenote_category":0},"product_brand":[],"product_cat":[971,480,319,684,431],"product_tag":[],"class_list":{"0":"post-104582","1":"product","2":"type-product","3":"status-publish","4":"has-post-thumbnail","6":"product_cat-pw160-7h-2006","7":"product_cat-komatsu-osad","8":"product_cat-kasutatud-varuosade","9":"product_cat-ekskavaatori-osad","10":"product_cat-ehitusmasinad-varuosade","12":"first","13":"instock","14":"shipping-taxable","15":"product-type-simple"},"aioseo_notices":[],"_links":{"self":[{"href":"https:\/\/kasima.lt\/et\/wp-json\/wp\/v2\/product\/104582","targetHints":{"allow":["GET"]}}],"collection":[{"href":"https:\/\/kasima.lt\/et\/wp-json\/wp\/v2\/product"}],"about":[{"href":"https:\/\/kasima.lt\/et\/wp-json\/wp\/v2\/types\/product"}],"wp:featuredmedia":[{"embeddable":true,"href":"https:\/\/kasima.lt\/et\/wp-json\/wp\/v2\/media\/104559"}],"wp:attachment":[{"href":"https:\/\/kasima.lt\/et\/wp-json\/wp\/v2\/media?parent=104582"}],"wp:term":[{"taxonomy":"product_brand","embeddable":true,"href":"https:\/\/kasima.lt\/et\/wp-json\/wp\/v2\/product_brand?post=104582"},{"taxonomy":"product_cat","embeddable":true,"href":"https:\/\/kasima.lt\/et\/wp-json\/wp\/v2\/product_cat?post=104582"},{"taxonomy":"product_tag","embeddable":true,"href":"https:\/\/kasima.lt\/et\/wp-json\/wp\/v2\/product_tag?post=104582"}],"curies":[{"name":"wp","href":"https:\/\/api.w.org\/{rel}","templated":true}]}}