{"id":101452,"date":"2026-04-02T13:55:51","date_gmt":"2026-04-02T11:55:51","guid":{"rendered":"https:\/\/kasima.lt\/produktas\/ilc-max-4-kg-tepimo-sistema-su-zarnomis\/"},"modified":"2026-04-02T14:00:47","modified_gmt":"2026-04-02T12:00:47","slug":"ilc-max-4-kg-tepimo-sistema-su-zarnomis","status":"publish","type":"product","link":"https:\/\/kasima.lt\/et\/produktas\/ilc-max-4-kg-tepimo-sistema-su-zarnomis\/","title":{"rendered":"ILC-MAX 4 kg m\u00e4\u00e4rdes\u00fcsteem koos voolikute"},"content":{"rendered":"<p>Bobcat E85 (2017) masinalt eemaldatud originaalne kasutatud osa<br \/>\nOriginaalne ILC-MAX s\u00fcsteem Bobcati ekskavaatoritele.<br \/>\nT\u00e4ielikult testitud ja paigaldusvalmis<br \/>\nSaadaval \u00fclemaailmne kohaletoimetamine.<br \/>\nSaadetise kaal ja m\u00f5\u00f5tmed:<br \/>\n\u2022 U 15 kg<br \/>\n\u2022 600 x 300 x 300 mm<br \/>\nKatalooginumber:<br \/>\n\u2022 ILC-MAX<br \/>\n\u2022 40.4.12DC.FCT.G<\/p>\n","protected":false},"excerpt":{"rendered":"<p>Hind ilma k\u00e4ibemaksuta<\/p>\n<p>Tootja: BOBCAT<br \/>\nMudel: BOBCE85029<br \/>\nTelefon:<a href=\"tel:+37060842988\"> +37060842988<\/a><br \/>\nE-post: <a href=\"mailto:usedparts@kasima.lt\">usedparts@kasima.lt<\/a><\/p>\n","protected":false},"featured_media":101441,"template":"","meta":{"_et_pb_use_builder":"","_et_pb_old_content":"","_et_gb_content_width":"","_monsterinsights_skip_tracking":false,"_monsterinsights_sitenote_active":false,"_monsterinsights_sitenote_note":"","_monsterinsights_sitenote_category":0},"product_brand":[],"product_cat":[960,405,428,319,684,431],"product_tag":[],"class_list":{"0":"post-101452","1":"product","2":"type-product","3":"status-publish","4":"has-post-thumbnail","6":"product_cat-e85","7":"product_cat-bobcat-osad","8":"product_cat-muud-varuosade","9":"product_cat-kasutatud-varuosade","10":"product_cat-ekskavaatori-osad","11":"product_cat-ehitusmasinad-varuosade","13":"first","14":"instock","15":"shipping-taxable","16":"purchasable","17":"product-type-simple"},"aioseo_notices":[],"_links":{"self":[{"href":"https:\/\/kasima.lt\/et\/wp-json\/wp\/v2\/product\/101452","targetHints":{"allow":["GET"]}}],"collection":[{"href":"https:\/\/kasima.lt\/et\/wp-json\/wp\/v2\/product"}],"about":[{"href":"https:\/\/kasima.lt\/et\/wp-json\/wp\/v2\/types\/product"}],"wp:featuredmedia":[{"embeddable":true,"href":"https:\/\/kasima.lt\/et\/wp-json\/wp\/v2\/media\/101441"}],"wp:attachment":[{"href":"https:\/\/kasima.lt\/et\/wp-json\/wp\/v2\/media?parent=101452"}],"wp:term":[{"taxonomy":"product_brand","embeddable":true,"href":"https:\/\/kasima.lt\/et\/wp-json\/wp\/v2\/product_brand?post=101452"},{"taxonomy":"product_cat","embeddable":true,"href":"https:\/\/kasima.lt\/et\/wp-json\/wp\/v2\/product_cat?post=101452"},{"taxonomy":"product_tag","embeddable":true,"href":"https:\/\/kasima.lt\/et\/wp-json\/wp\/v2\/product_tag?post=101452"}],"curies":[{"name":"wp","href":"https:\/\/api.w.org\/{rel}","templated":true}]}}