{"id":101147,"date":"2026-04-02T09:07:10","date_gmt":"2026-04-02T07:07:10","guid":{"rendered":"https:\/\/kasima.lt\/produktas\/t-rex-guminiai-viksrai\/"},"modified":"2026-04-02T09:15:07","modified_gmt":"2026-04-02T07:15:07","slug":"t-rex-guminiai-viksrai","status":"publish","type":"product","link":"https:\/\/kasima.lt\/et\/produktas\/t-rex-guminiai-viksrai\/","title":{"rendered":"T-Rex kummist roomikud"},"content":{"rendered":"<p>Bobcat E85 (2017) masinalt eemaldatud originaalne kasutatud osa<br \/>\nOriginaalsed T-Rex roomikud Bobcat ekskavaatoritele.<br \/>\nEsineb m\u00f5ningaid p\u00f5lemisj\u00e4lgi, kuid see ei m\u00f5juta toote t\u00f6\u00f6kindlust.<br \/>\n\u00dchel roomikul on rebend, mis on n\u00e4ha fotodel<br \/>\nT\u00e4ielikult testitud ja paigaldusvalmis<br \/>\nSaadaval \u00fclemaailmne kohaletoimetamine.<br \/>\nSaadetise kaal ja m\u00f5\u00f5tmed:<br \/>\n\u2022 U 350 kg<br \/>\n\u2022 2000 x 500 x 500 mm<br \/>\nKatalooginumber:<br \/>\n\u2022 7304043<br \/>\n\u2022 SW450x81x76<br \/>\n\u2022 2218485<\/p>\n","protected":false},"excerpt":{"rendered":"<p>Hind ilma k\u00e4ibemaksuta<\/p>\n<p>Tootja: BOBCAT<br \/>\nMudel: BOBCE85008<br \/>\nTelefon: <a href=\"tel:+37060842988\">+37060842988<\/a><br \/>\nE-post: <a href=\"mailto:usedparts@kasima.lt\">usedparts@kasima.lt<\/a><\/p>\n","protected":false},"featured_media":101130,"template":"","meta":{"_et_pb_use_builder":"","_et_pb_old_content":"","_et_gb_content_width":"","_monsterinsights_skip_tracking":false,"_monsterinsights_sitenote_active":false,"_monsterinsights_sitenote_note":"","_monsterinsights_sitenote_category":0},"product_brand":[],"product_cat":[960,405,319,684,431,680],"product_tag":[],"class_list":{"0":"post-101147","1":"product","2":"type-product","3":"status-publish","4":"has-post-thumbnail","6":"product_cat-e85","7":"product_cat-bobcat-osad","8":"product_cat-kasutatud-varuosade","9":"product_cat-ekskavaatori-osad","10":"product_cat-ehitusmasinad-varuosade","11":"product_cat-roomikud-ja-osad","13":"first","14":"instock","15":"shipping-taxable","16":"product-type-simple"},"aioseo_notices":[],"_links":{"self":[{"href":"https:\/\/kasima.lt\/et\/wp-json\/wp\/v2\/product\/101147","targetHints":{"allow":["GET"]}}],"collection":[{"href":"https:\/\/kasima.lt\/et\/wp-json\/wp\/v2\/product"}],"about":[{"href":"https:\/\/kasima.lt\/et\/wp-json\/wp\/v2\/types\/product"}],"wp:featuredmedia":[{"embeddable":true,"href":"https:\/\/kasima.lt\/et\/wp-json\/wp\/v2\/media\/101130"}],"wp:attachment":[{"href":"https:\/\/kasima.lt\/et\/wp-json\/wp\/v2\/media?parent=101147"}],"wp:term":[{"taxonomy":"product_brand","embeddable":true,"href":"https:\/\/kasima.lt\/et\/wp-json\/wp\/v2\/product_brand?post=101147"},{"taxonomy":"product_cat","embeddable":true,"href":"https:\/\/kasima.lt\/et\/wp-json\/wp\/v2\/product_cat?post=101147"},{"taxonomy":"product_tag","embeddable":true,"href":"https:\/\/kasima.lt\/et\/wp-json\/wp\/v2\/product_tag?post=101147"}],"curies":[{"name":"wp","href":"https:\/\/api.w.org\/{rel}","templated":true}]}}