{"id":100580,"date":"2026-03-27T09:59:44","date_gmt":"2026-03-27T07:59:44","guid":{"rendered":"https:\/\/kasima.lt\/produktas\/bobcat-e85-alyvos-ausintuvas\/"},"modified":"2026-03-27T11:18:06","modified_gmt":"2026-03-27T09:18:06","slug":"bobcat-e85-alyvos-ausintuvas","status":"publish","type":"product","link":"https:\/\/kasima.lt\/et\/produktas\/bobcat-e85-alyvos-ausintuvas\/","title":{"rendered":"Bobcat E85 \u00f5lijahuti"},"content":{"rendered":"<p>Bobcat E85 (2017) masinalt eemaldatud originaalne kasutatud osa<br \/>\nOriginaalne \u00f5lijahuti Bobcat ekskavaatoritele.<br \/>\nSellel on m\u00f5ned p\u00f5lemisj\u00e4ljed, kuid see ei m\u00f5juta selle t\u00f6\u00f6kindlust.<br \/>\nT\u00e4ielikult testitud ja paigaldusvalmis<br \/>\nSaadaval \u00fclemaailmne saatmine.<br \/>\nSaadetise kaal ja m\u00f5\u00f5tmed:<br \/>\n\u2022 U 20 kg<br \/>\n\u2022 800 x 400 x 300 mm<br \/>\nKatalooginumber:<br \/>\n\u2022 7323275<br \/>\n\u2022 7345708<br \/>\n\u2022 HS100242<\/p>\n","protected":false},"excerpt":{"rendered":"<p>Hind ilma k\u00e4ibemaksuta<\/p>\n<p>Tootja: BOBCAT<br \/>\nMudel: BOBCE85017<br \/>\nTelefon: <a href=\"tel:+37060842988\">+37060842988<\/a><br \/>\nE-post: <a href=\"mailto:usedparts@kasima.lt\">usedparts@kasima.lt<\/a><\/p>\n","protected":false},"featured_media":100539,"template":"","meta":{"_et_pb_use_builder":"","_et_pb_old_content":"","_et_gb_content_width":"","_monsterinsights_skip_tracking":false,"_monsterinsights_sitenote_active":false,"_monsterinsights_sitenote_note":"","_monsterinsights_sitenote_category":0},"product_brand":[],"product_cat":[960,405,319,684,431,806],"product_tag":[],"class_list":{"0":"post-100580","1":"product","2":"type-product","3":"status-publish","4":"has-post-thumbnail","6":"product_cat-e85","7":"product_cat-bobcat-osad","8":"product_cat-kasutatud-varuosade","9":"product_cat-ekskavaatori-osad","10":"product_cat-ehitusmasinad-varuosade","11":"product_cat-jahutussusteemid-ja-nende-komponendid","13":"first","14":"instock","15":"shipping-taxable","16":"purchasable","17":"product-type-simple"},"aioseo_notices":[],"_links":{"self":[{"href":"https:\/\/kasima.lt\/et\/wp-json\/wp\/v2\/product\/100580","targetHints":{"allow":["GET"]}}],"collection":[{"href":"https:\/\/kasima.lt\/et\/wp-json\/wp\/v2\/product"}],"about":[{"href":"https:\/\/kasima.lt\/et\/wp-json\/wp\/v2\/types\/product"}],"wp:featuredmedia":[{"embeddable":true,"href":"https:\/\/kasima.lt\/et\/wp-json\/wp\/v2\/media\/100539"}],"wp:attachment":[{"href":"https:\/\/kasima.lt\/et\/wp-json\/wp\/v2\/media?parent=100580"}],"wp:term":[{"taxonomy":"product_brand","embeddable":true,"href":"https:\/\/kasima.lt\/et\/wp-json\/wp\/v2\/product_brand?post=100580"},{"taxonomy":"product_cat","embeddable":true,"href":"https:\/\/kasima.lt\/et\/wp-json\/wp\/v2\/product_cat?post=100580"},{"taxonomy":"product_tag","embeddable":true,"href":"https:\/\/kasima.lt\/et\/wp-json\/wp\/v2\/product_tag?post=100580"}],"curies":[{"name":"wp","href":"https:\/\/api.w.org\/{rel}","templated":true}]}}