{"id":100386,"date":"2026-03-26T15:39:21","date_gmt":"2026-03-26T13:39:21","guid":{"rendered":"https:\/\/kasima.lt\/produktas\/bobcat-e85-streles-pasukimo-cilindras\/"},"modified":"2026-03-27T08:38:43","modified_gmt":"2026-03-27T06:38:43","slug":"bobcat-e85-streles-pasukimo-cilindras","status":"publish","type":"product","link":"https:\/\/kasima.lt\/et\/produktas\/bobcat-e85-streles-pasukimo-cilindras\/","title":{"rendered":"Bobcat E85 noole p\u00f6\u00f6rdeh\u00fcdrosilinder"},"content":{"rendered":"<p>Bobcat E85 (2017) masinalt eemaldatud originaalne kasutatud osa<br \/>\nOriginaalne Doosan p\u00f6\u00f6rdeh\u00fcdrosilinder Bobcat ekskavaatoritele.<br \/>\nT\u00e4ielikult testitud ja paigaldusvalmis.<br \/>\nSaadaval \u00fclemaailmne kohaletoimetamine.<br \/>\nSaadetise kaal ja m\u00f5\u00f5tmed:<br \/>\n\u2022 U 100 kg<br \/>\n\u2022 1200 x 200 x 200 mm<br \/>\nKatalooginumber:<br \/>\n\u2022 7006155<br \/>\n\u2022 K1030303B-L<br \/>\n\u2022 H002892<\/p>\n","protected":false},"excerpt":{"rendered":"<p>Hind ilma k\u00e4ibemaksuta<\/p>\n<p>Tootja: BOBCAT<br \/>\nMudel: BOBCE85013<br \/>\nTelefon: <a href=\"tel:+37060842988\">+37060842988<\/a><br \/>\nE-post: <a href=\"mailto:usedparts@kasima.lt\">usedparts@kasima.lt<\/a><\/p>\n","protected":false},"featured_media":100357,"template":"","meta":{"_et_pb_use_builder":"","_et_pb_old_content":"","_et_gb_content_width":"","_monsterinsights_skip_tracking":false,"_monsterinsights_sitenote_active":false,"_monsterinsights_sitenote_note":"","_monsterinsights_sitenote_category":0},"product_brand":[],"product_cat":[960,405,612,319,684,431],"product_tag":[],"class_list":{"0":"post-100386","1":"product","2":"type-product","3":"status-publish","4":"has-post-thumbnail","6":"product_cat-e85","7":"product_cat-bobcat-osad","8":"product_cat-hudrosilindrid","9":"product_cat-kasutatud-varuosade","10":"product_cat-ekskavaatori-osad","11":"product_cat-ehitusmasinad-varuosade","13":"first","14":"instock","15":"shipping-taxable","16":"purchasable","17":"product-type-simple"},"aioseo_notices":[],"_links":{"self":[{"href":"https:\/\/kasima.lt\/et\/wp-json\/wp\/v2\/product\/100386","targetHints":{"allow":["GET"]}}],"collection":[{"href":"https:\/\/kasima.lt\/et\/wp-json\/wp\/v2\/product"}],"about":[{"href":"https:\/\/kasima.lt\/et\/wp-json\/wp\/v2\/types\/product"}],"wp:featuredmedia":[{"embeddable":true,"href":"https:\/\/kasima.lt\/et\/wp-json\/wp\/v2\/media\/100357"}],"wp:attachment":[{"href":"https:\/\/kasima.lt\/et\/wp-json\/wp\/v2\/media?parent=100386"}],"wp:term":[{"taxonomy":"product_brand","embeddable":true,"href":"https:\/\/kasima.lt\/et\/wp-json\/wp\/v2\/product_brand?post=100386"},{"taxonomy":"product_cat","embeddable":true,"href":"https:\/\/kasima.lt\/et\/wp-json\/wp\/v2\/product_cat?post=100386"},{"taxonomy":"product_tag","embeddable":true,"href":"https:\/\/kasima.lt\/et\/wp-json\/wp\/v2\/product_tag?post=100386"}],"curies":[{"name":"wp","href":"https:\/\/api.w.org\/{rel}","templated":true}]}}