{"id":7213,"date":"2022-11-28T16:56:49","date_gmt":"2022-11-28T16:56:49","guid":{"rendered":"https:\/\/kasima.lt\/kaupade-tagastamine\/"},"modified":"2025-09-17T05:40:31","modified_gmt":"2025-09-17T05:40:31","slug":"kaupade-tagastamine","status":"publish","type":"page","link":"https:\/\/kasima.lt\/et\/kaupade-tagastamine\/","title":{"rendered":"Kaupade tagastamine"},"content":{"rendered":"<p>[et_pb_section fb_built=&#8221;1&#8243; admin_label=&#8221;Header&#8221; _builder_version=&#8221;4.27.4&#8243; _module_preset=&#8221;default&#8221; use_background_color_gradient=&#8221;on&#8221; background_color_gradient_stops=&#8221;rgba(0,0,0,0.3) 0%|rgba(0,0,0,0.3) 100%&#8221; background_color_gradient_overlays_image=&#8221;on&#8221; background_image=&#8221;https:\/\/kasima.lt\/wp-content\/uploads\/2023\/01\/kontaktai-01_result.png&#8221; locked=&#8221;off&#8221; collapsed=&#8221;on&#8221; global_colors_info=&#8221;{}&#8221; theme_builder_area=&#8221;post_content&#8221;][et_pb_row _builder_version=&#8221;4.22.0&#8243; _module_preset=&#8221;default&#8221; global_colors_info=&#8221;{}&#8221; theme_builder_area=&#8221;post_content&#8221;][et_pb_column type=&#8221;4_4&#8243; _builder_version=&#8221;4.22.0&#8243; _module_preset=&#8221;default&#8221; custom_padding=&#8221;60px||60px||true|false&#8221; custom_padding_tablet=&#8221;0px||0px||true|false&#8221; custom_padding_phone=&#8221;0px||0px||true|false&#8221; custom_padding_last_edited=&#8221;on|desktop&#8221; global_colors_info=&#8221;{}&#8221; theme_builder_area=&#8221;post_content&#8221;][et_pb_text _builder_version=&#8221;4.27.4&#8243; _module_preset=&#8221;d8784a26-fd3e-4db3-b592-acd62648a1a1&#8243; header_font=&#8221;|600||on|||||&#8221; header_text_color=&#8221;#FFFFFF&#8221; header_letter_spacing=&#8221;1px&#8221; hover_enabled=&#8221;0&#8243; global_colors_info=&#8221;{}&#8221; theme_builder_area=&#8221;post_content&#8221; sticky_enabled=&#8221;0&#8243;]<\/p>\n<h1>Kaupade tagastamine<\/h1>\n<p>[\/et_pb_text][\/et_pb_column][\/et_pb_row][\/et_pb_section][et_pb_section fb_built=&#8221;1&#8243; admin_label=&#8221;Why Us&#8221; _builder_version=&#8221;4.22.0&#8243; _module_preset=&#8221;default&#8221; locked=&#8221;off&#8221; collapsed=&#8221;on&#8221; global_colors_info=&#8221;{}&#8221; theme_builder_area=&#8221;post_content&#8221;][et_pb_row _builder_version=&#8221;4.27.4&#8243; _module_preset=&#8221;default&#8221; background_image=&#8221;https:\/\/kasima.lt\/wp-content\/uploads\/2023\/01\/perskirimas-2.png&#8221; background_size=&#8221;initial&#8221; background_position=&#8221;center_right&#8221; global_colors_info=&#8221;{}&#8221; theme_builder_area=&#8221;post_content&#8221;][et_pb_column type=&#8221;4_4&#8243; _builder_version=&#8221;4.23&#8243; _module_preset=&#8221;default&#8221; global_colors_info=&#8221;{}&#8221; theme_builder_area=&#8221;post_content&#8221;][et_pb_heading title=&#8221;Tagastamispoliitika&#8221; _builder_version=&#8221;4.27.4&#8243; _module_preset=&#8221;default&#8221; title_level=&#8221;h3&#8243; title_font=&#8221;|600||on|||||&#8221; title_font_size=&#8221;32px&#8221; hover_enabled=&#8221;0&#8243; global_colors_info=&#8221;{}&#8221; theme_builder_area=&#8221;post_content&#8221; sticky_enabled=&#8221;0&#8243;][\/et_pb_heading][\/et_pb_column][\/et_pb_row][et_pb_row _builder_version=&#8221;4.27.4&#8243; _module_preset=&#8221;default&#8221; global_colors_info=&#8221;{}&#8221; theme_builder_area=&#8221;post_content&#8221;][et_pb_column type=&#8221;4_4&#8243; _builder_version=&#8221;4.27.4&#8243; _module_preset=&#8221;default&#8221; global_colors_info=&#8221;{}&#8221; theme_builder_area=&#8221;post_content&#8221;][et_pb_text _builder_version=&#8221;4.27.4&#8243; _module_preset=&#8221;default&#8221; hover_enabled=&#8221;0&#8243; global_colors_info=&#8221;{}&#8221; theme_builder_area=&#8221;post_content&#8221; sticky_enabled=&#8221;0&#8243;]<\/p>\n<p>T\u00e4name teid UAB KASIMA ostude eest. Loodame, et olete oma ostudega rahul. Allpool leiate KASIMA tagastamispoliitika.<\/p>\n<p><strong>\u00dcldised tingimused<\/strong><\/p>\n<ol>\n<li>Ostjal on \u00f5igus tagastada uus ja kasutamata kaup 14 kalendrip\u00e4eva jooksul alates ostust. Omandamise kuup\u00e4ev on k\u00e4ibemaksuarve v\u00e4ljastamise kuup\u00e4ev.<\/li>\n<li>Toote tagastamiseks v\u00f5tke palun \u00fchendust e-kaubanduse juhiga e-posti teel. e-posti aadressil <a href=\"mailto:e-commerce@kasima.lt\" target=\"_self\" rel=\"noopener\">e-commerce@kasima.lt<\/a> v\u00f5i v\u00f5tke \u00fchendust kaubandusjuhiga aadressil <a href=\"mailto:sales@kasima.lt\" target=\"_self\" rel=\"noopener\">sales@kasima.lt, kes<\/a> saadab teile tagasiside.<\/li>\n<li>Toote tagastamisel peate esitama ostut\u00f5endi.<\/li>\n<li>P\u00e4rast akti t\u00e4itmist ja tagastamise kinnituse saamist tuleb kaup toimetada UAB KASIMA, Daukanto g. 66, Tel\u0161iai, LT-87101, Leedu.<\/li>\n<li>Tagastamisklauslit kohaldatakse ainult uute ostude suhtes, st. y. kasutatud kaupu ei saa tagastada.<\/li>\n<li>M\u00fc\u00fcjal on \u00f5igus keelduda tagastatud kauba vastuv\u00f5tmisest ilma p\u00f5hjendusi esitamata.<\/li>\n<li>See poliitika kehtib ainult ostjate suhtes, kes ei ole tarbijad. Tarbijatele on kaupade ostmisel tagatud seadusj\u00e4rgsed garantiid.<\/li>\n<\/ol>\n<p><strong>Ostja \u00f5igused ja kohustused<\/strong><\/p>\n<ol>\n<li>Ostjal on \u00f5igus tagastada kaup uuena, kasutamata, koos originaaltarvikute ja -osadega, pakkimata, kahjustamata ning v\u00e4limuse ja omadustega.<\/li>\n<li>Kauba tagastamisel kohustub Ostja tasuma Kasima UAB-le tagastuskontrolli tasu, mille suurus s\u00f5ltub tagastatavast kaubast ja on m\u00e4rgitud tagastamist\u00f5endis.<\/li>\n<li>Kui tagastatud kauba pakend on kahjustatud v\u00f5i kaup tagastatakse ilma pakendita, on ostja kohustatud tasuma pakenditasu, mille suurus s\u00f5ltub tagastatud kaubast ja mis t\u00e4psustatakse tagastamissedeli esitamisel.<\/li>\n<li>Ostja h\u00fcvitab M\u00fc\u00fcjale ka k\u00f5ik M\u00fc\u00fcja poolt kauba saatmisega seotud kulud, mille summa t\u00e4psustatakse tagastusarve esitamisel.<\/li>\n<li>Pange t\u00e4hele, et ostja vastutab tagastatud kauba t\u00e4ielikkuse eest. Kui ostetud kaup ei ole t\u00e4ielik, on m\u00fc\u00fcjal \u00f5igus tagastatud kaupa mitte vastu v\u00f5tta.<\/li>\n<\/ol>\n<p><strong>Kui kaua v\u00f5tab taotluse menetlemine aega<\/strong><\/p>\n<p><strong><\/strong><\/p>\n<ol>\n<li>P\u00e4rast toote tagastamist ja k\u00e4esolevas eeskirjas s\u00e4testatud tingimuste t\u00e4itmist peab m\u00fc\u00fcja hiljemalt 20 p\u00e4eva jooksul. d. tagastada ostja poolt makstud raha m\u00e4\u00e4ratud pangakontole v\u00f5i vahetada kaup teise kauba vastu v\u00f5i leida m\u00f5ni muu m\u00f5lemale poolele vastuv\u00f5etav lahendus.<\/li>\n<\/ol>\n<p>[\/et_pb_text][\/et_pb_column][\/et_pb_row][\/et_pb_section]<\/p>\n","protected":false},"excerpt":{"rendered":"<p>Kaupade tagastamineT\u00e4name teid UAB KASIMA ostude eest. Loodame, et olete oma ostudega rahul. Allpool leiate KASIMA tagastamispoliitika. \u00dcldised tingimused Ostjal on \u00f5igus tagastada uus ja kasutamata kaup 14 kalendrip\u00e4eva jooksul alates ostust. Omandamise kuup\u00e4ev on k\u00e4ibemaksuarve v\u00e4ljastamise kuup\u00e4ev. Toote tagastamiseks v\u00f5tke palun \u00fchendust e-kaubanduse juhiga e-posti teel. e-posti aadressil e-commerce@kasima.lt v\u00f5i v\u00f5tke \u00fchendust kaubandusjuhiga aadressil [&hellip;]<\/p>\n","protected":false},"author":1,"featured_media":0,"parent":0,"menu_order":0,"comment_status":"closed","ping_status":"closed","template":"","meta":{"_et_pb_use_builder":"on","_et_pb_old_content":"","_et_gb_content_width":"","_monsterinsights_skip_tracking":false,"_monsterinsights_sitenote_active":false,"_monsterinsights_sitenote_note":"","_monsterinsights_sitenote_category":0,"footnotes":""},"class_list":["post-7213","page","type-page","status-publish","hentry"],"aioseo_notices":[],"_links":{"self":[{"href":"https:\/\/kasima.lt\/et\/wp-json\/wp\/v2\/pages\/7213","targetHints":{"allow":["GET"]}}],"collection":[{"href":"https:\/\/kasima.lt\/et\/wp-json\/wp\/v2\/pages"}],"about":[{"href":"https:\/\/kasima.lt\/et\/wp-json\/wp\/v2\/types\/page"}],"author":[{"embeddable":true,"href":"https:\/\/kasima.lt\/et\/wp-json\/wp\/v2\/users\/1"}],"replies":[{"embeddable":true,"href":"https:\/\/kasima.lt\/et\/wp-json\/wp\/v2\/comments?post=7213"}],"version-history":[{"count":6,"href":"https:\/\/kasima.lt\/et\/wp-json\/wp\/v2\/pages\/7213\/revisions"}],"predecessor-version":[{"id":67691,"href":"https:\/\/kasima.lt\/et\/wp-json\/wp\/v2\/pages\/7213\/revisions\/67691"}],"wp:attachment":[{"href":"https:\/\/kasima.lt\/et\/wp-json\/wp\/v2\/media?parent=7213"}],"curies":[{"name":"wp","href":"https:\/\/api.w.org\/{rel}","templated":true}]}}