{"id":7203,"date":"2022-11-09T14:09:52","date_gmt":"2022-11-09T12:09:52","guid":{"rendered":"https:\/\/kasima.lt\/meie-kohta\/"},"modified":"2026-03-16T09:05:50","modified_gmt":"2026-03-16T07:05:50","slug":"umbes-meis","status":"publish","type":"page","link":"https:\/\/kasima.lt\/et\/umbes-meis\/","title":{"rendered":"Meie kohta"},"content":{"rendered":"<p>[et_pb_section fb_built=&#8221;1&#8243; admin_label=&#8221;Header&#8221; _builder_version=&#8221;4.27.4&#8243; _module_preset=&#8221;default&#8221; use_background_color_gradient=&#8221;on&#8221; background_color_gradient_stops=&#8221;rgba(0,0,0,0.3) 0%|rgba(0,0,0,0.3) 100%&#8221; background_color_gradient_overlays_image=&#8221;on&#8221; background_image=&#8221;https:\/\/kasima.lt\/wp-content\/uploads\/2023\/01\/apie-1.png&#8221; locked=&#8221;off&#8221; collapsed=&#8221;on&#8221; global_colors_info=&#8221;{}&#8221;][et_pb_row _builder_version=&#8221;4.22.0&#8243; _module_preset=&#8221;default&#8221; global_colors_info=&#8221;{}&#8221;][et_pb_column type=&#8221;4_4&#8243; _builder_version=&#8221;4.22.0&#8243; _module_preset=&#8221;default&#8221; custom_padding=&#8221;60px||60px||true|false&#8221; custom_padding_tablet=&#8221;0px||0px||true|false&#8221; custom_padding_phone=&#8221;0px||0px||true|false&#8221; custom_padding_last_edited=&#8221;on|desktop&#8221; global_colors_info=&#8221;{}&#8221;][et_pb_text _builder_version=&#8221;4.27.4&#8243; _module_preset=&#8221;d8784a26-fd3e-4db3-b592-acd62648a1a1&#8243; header_font=&#8221;|600||on|||||&#8221; header_text_color=&#8221;#FFFFFF&#8221; header_letter_spacing=&#8221;1px&#8221; global_colors_info=&#8221;{}&#8221;]<\/p>\n<h1>Meie kohta<\/h1>\n<p>[\/et_pb_text][\/et_pb_column][\/et_pb_row][\/et_pb_section][et_pb_section fb_built=&#8221;1&#8243; admin_label=&#8221;About&#8221; _builder_version=&#8221;4.22.0&#8243; _module_preset=&#8221;default&#8221; locked=&#8221;off&#8221; collapsed=&#8221;on&#8221; global_colors_info=&#8221;{}&#8221;][et_pb_row column_structure=&#8221;3_5,2_5&#8243; _builder_version=&#8221;4.22.0&#8243; _module_preset=&#8221;default&#8221; global_colors_info=&#8221;{}&#8221;][et_pb_column type=&#8221;3_5&#8243; _builder_version=&#8221;4.22.0&#8243; _module_preset=&#8221;default&#8221; global_colors_info=&#8221;{}&#8221;][et_pb_image src=&#8221;https:\/\/kasima.lt\/wp-content\/uploads\/2023\/01\/Wolverine-Tiller-72-1.jpg&#8221; title_text=&#8221;Wolverine Tiller 72 (1)&#8221; show_bottom_space=&#8221;off&#8221; _builder_version=&#8221;4.27.4&#8243; _module_preset=&#8221;default&#8221; width=&#8221;80%&#8221; global_colors_info=&#8221;{}&#8221;][\/et_pb_image][et_pb_image src=&#8221;https:\/\/kasima.lt\/wp-content\/uploads\/2023\/01\/1.jpg&#8221; title_text=&#8221;1&#8243; _builder_version=&#8221;4.27.4&#8243; _module_preset=&#8221;default&#8221; positioning=&#8221;absolute&#8221; position_origin_a=&#8221;center_right&#8221; width=&#8221;40%&#8221; global_colors_info=&#8221;{}&#8221;][\/et_pb_image][\/et_pb_column][et_pb_column type=&#8221;2_5&#8243; _builder_version=&#8221;4.22.0&#8243; _module_preset=&#8221;default&#8221; global_colors_info=&#8221;{}&#8221;][et_pb_text _builder_version=&#8221;4.27.4&#8243; _module_preset=&#8221;bc17044d-a1d7-4307-9b78-c8624437d90e&#8221; header_2_font=&#8221;|600|||||||&#8221; header_3_font=&#8221;|600|||||||&#8221; header_3_font_size=&#8221;31px&#8221; header_3_line_height=&#8221;1.4em&#8221; custom_margin=&#8221;||10px||false|false&#8221; global_colors_info=&#8221;{}&#8221;]<\/p>\n<div class=\"elementor-element elementor-element-5cd05c6 elementor-widget__width-initial elementor-widget-mobile__width-inherit elementor-widget elementor-widget-heading\" data-id=\"5cd05c6\" data-element_type=\"widget\" data-widget_type=\"heading.default\">\n<div class=\"elementor-widget-container\">\n<h3 class=\"elementor-heading-title elementor-size-default\" style=\"text-align: left;\">UAB \u201eKASIMA\u201c \u2013 professionaalsed lahendused teie tehnikapargile<\/h3>\n<\/div>\n<\/div>\n<p>[\/et_pb_text][et_pb_text _builder_version=&#8221;4.27.4&#8243; _module_preset=&#8221;4185d08a-ef41-4b61-9ea8-76ac090a4521&#8243; global_colors_info=&#8221;{}&#8221;]<\/p>\n<p data-start=\"435\" data-end=\"659\">Alates 2012. aastast on UAB \u201eKASIMA\u201c teie usaldusv\u00e4\u00e4rne partner ehitus-, p\u00f5llumajandus- ja teedeehitustehnika sektoris. Me ei m\u00fc\u00fc lihtsalt tehnikat \u2013 aitame oma klientidel t\u00f6\u00f6tada t\u00f5husamalt, kiiremini ja \u00f6konoomsemalt. Tegutsedes k\u00f5igis Balti riikides, Skandinaavias ning ka maailma kaugemates piirkondades, oleme p\u00e4lvinud klientide usalduse t\u00e4nu oma operatiivsusele ja k\u00f5rgetele kvaliteedistandarditele.<\/p>\n<p>[\/et_pb_text][\/et_pb_column][\/et_pb_row][\/et_pb_section][et_pb_section fb_built=&#8221;1&#8243; _builder_version=&#8221;4.27.4&#8243; _module_preset=&#8221;default&#8221; background_image=&#8221;https:\/\/kasima.lt\/wp-content\/uploads\/2023\/01\/3fonas-01.png&#8221; global_colors_info=&#8221;{}&#8221;][et_pb_row _builder_version=&#8221;4.27.4&#8243; _module_preset=&#8221;default&#8221; background_enable_image=&#8221;off&#8221; max_width=&#8221;1260px&#8221; global_colors_info=&#8221;{}&#8221;][et_pb_column type=&#8221;4_4&#8243; _builder_version=&#8221;4.22.0&#8243; _module_preset=&#8221;default&#8221; global_colors_info=&#8221;{}&#8221;][et_pb_text _builder_version=&#8221;4.27.4&#8243; _module_preset=&#8221;default&#8221; header_4_text_align=&#8221;center&#8221; header_4_font_size=&#8221;22px&#8221; header_4_line_height=&#8221;1.4em&#8221; width=&#8221;70%&#8221; module_alignment=&#8221;center&#8221; header_4_font_size_tablet=&#8221;22px&#8221; header_4_font_size_phone=&#8221;18px&#8221; header_4_font_size_last_edited=&#8221;on|tablet&#8221; global_colors_info=&#8221;{}&#8221; inline_fonts=&#8221;Times New Roman,Arial&#8221;]<\/p>\n<h4><strong>Meie t\u00f6\u00f6filosoofia<\/strong> &#8211; <span style=\"font-family: inherit; font-weight: normal;\">Tagada, et iga klient saab professionaalse tehnika ja lahendused, mis v\u00f5imaldavad t\u00f6\u00f6tada tootlikumalt, kiiremini ja \u00f6konoomsemalt. <span style=\"font-weight: 400;\">Tagada, et iga klient saab professionaalse tehnika ja lahendused, mis v\u00f5imaldavad t\u00f6\u00f6tada tootlikumalt, kiiremini ja \u00f6konoomsemalt.<\/span><\/span><\/h4>\n<p>[\/et_pb_text][\/et_pb_column][\/et_pb_row][\/et_pb_section][et_pb_section fb_built=&#8221;1&#8243; admin_label=&#8221;Why Us&#8221; _builder_version=&#8221;4.22.0&#8243; _module_preset=&#8221;default&#8221; locked=&#8221;off&#8221; collapsed=&#8221;on&#8221; global_colors_info=&#8221;{}&#8221;][et_pb_row column_structure=&#8221;1_2,1_2&#8243; _builder_version=&#8221;4.22.0&#8243; _module_preset=&#8221;default&#8221; global_colors_info=&#8221;{}&#8221;][et_pb_column type=&#8221;1_2&#8243; _builder_version=&#8221;4.22.0&#8243; _module_preset=&#8221;default&#8221; global_colors_info=&#8221;{}&#8221;][et_pb_text _builder_version=&#8221;4.27.4&#8243; _module_preset=&#8221;795edd4f-f1a4-4a0d-aeb9-945e5196761d&#8221; header_5_font=&#8221;|600|||||||&#8221; header_5_font_size=&#8221;22px&#8221; header_5_line_height=&#8221;1.7em&#8221; custom_margin=&#8221;||0px||false|false&#8221; global_colors_info=&#8221;{}&#8221;]<\/p>\n<h5>V\u00e4\u00e4rtused, mis seovad meid klientidega<\/h5>\n<p>[\/et_pb_text][et_pb_text _builder_version=&#8221;4.27.4&#8243; _module_preset=&#8221;4185d08a-ef41-4b61-9ea8-76ac090a4521&#8243; global_colors_info=&#8221;{}&#8221;]<\/p>\n<p data-start=\"1749\" data-end=\"1929\"><strong data-start=\"1749\" data-end=\"1767\">Usaldusv\u00e4\u00e4rsus: <\/strong>Peame alati oma lubadustest kinni. Meie jaoks on oluline mitte ainult tarnida teile seadmeid, vaid ka hoolitseda selle eest, et need t\u00f6\u00f6taksid usaldusv\u00e4\u00e4rselt.<\/p>\n<p data-start=\"1931\" data-end=\"2160\"><strong data-start=\"1931\" data-end=\"1954\">T\u00f5estatud kvaliteet: <\/strong>Me ei usu juhuslikkusse, seet\u00f5ttu kujundame oma tootevalikut v\u00e4ga vastutustundlikult. Iga meie tarnitav toode \u2013 alates v\u00e4ikseimast lisaseadmest kuni rasketehnikani \u2013 on hoolikalt valitud ja kontrollitud.<\/p>\n<p data-start=\"2162\" data-end=\"2369\"><strong data-start=\"2162\" data-end=\"2193\">Professionaalsus ja kogemus: <\/strong>Aastatepikkune kogemus v\u00f5imaldab meil n\u00e4ha laiemat pilti. Meie meeskond aitab teil alati teha majanduslikult ja tehniliselt p\u00f5hjendatud otsuseid teie ettev\u00f5tte arendamiseks.<\/p>\n<p data-start=\"2371\" data-end=\"2509\"><strong data-start=\"2371\" data-end=\"2386\">Paindlikkus: <\/strong>Iga tehnikapark on ainulaadne, seet\u00f5ttu suudame kiiresti kohaneda kliendi vajadustega ja leida k\u00f5ige sobivama lahenduse.<\/p>\n<p data-start=\"2511\" data-end=\"2656\" data-is-last-node=\"\" data-is-only-node=\"\"><strong data-start=\"2511\" data-end=\"2539\">Individuaalne l\u00e4henemine: <\/strong>Iga meie klient on ennek\u00f5ike meie kolleeg ja partner. Ainult koos t\u00f6\u00f6tades saame saavutada suurep\u00e4raseid tulemusi.<\/p>\n<p>[\/et_pb_text][et_pb_text _builder_version=&#8221;4.27.4&#8243; _module_preset=&#8221;795edd4f-f1a4-4a0d-aeb9-945e5196761d&#8221; header_5_font=&#8221;|600|||||||&#8221; header_5_font_size=&#8221;22px&#8221; header_5_line_height=&#8221;1.7em&#8221; custom_margin=&#8221;||0px||false|false&#8221; global_colors_info=&#8221;{}&#8221;]<\/p>\n<h5>Miks valida meid?<\/h5>\n<p>[\/et_pb_text][et_pb_text ul_type=&#8221;square&#8221; _builder_version=&#8221;4.27.4&#8243; _module_preset=&#8221;4185d08a-ef41-4b61-9ea8-76ac090a4521&#8243; ul_line_height=&#8221;1.7em&#8221; global_colors_info=&#8221;{}&#8221;]<\/p>\n<p data-start=\"503\" data-end=\"762\"><strong data-start=\"503\" data-end=\"536\">Hoolikalt valitud kaubam\u00e4rgid: <\/strong>Oleme \u201eC&amp;F\u201c, \u201eKSM Attachments\u201c, \u201eNordiCut\u201c ja \u201eValentini de Antonio\u201c ametlikud esindajad Leedus ja teistes Balti riikides. Teie t\u00f6\u00f6deks pakume ainult ajaproovile vastu pidanud, lihtsalt kasutatavat ja vastupidavat tehnikat.<\/p>\n<p data-start=\"764\" data-end=\"936\"><strong data-start=\"764\" data-end=\"788\">Kiirus on prioriteet: <\/strong>Hoiame suurt valikut seadmeid ja varuosi kohapeal laos, mis tagab meie klientidele minimaalse tehnika seisaku ning seadmete kiire k\u00e4ttesaadavuse.<\/p>\n<p data-start=\"938\" data-end=\"1150\"><strong data-start=\"938\" data-end=\"959\">Eksperditeadmised: <\/strong>Peaaegu 15-aastane turukogemus v\u00f5imaldab meil mitte ainult seadmeid tarnida, vaid ka pakkuda professionaalset n\u00f5ustamist, aidates valida optimaalse hinna, kvaliteedi ja efektiivsuse suhte.<\/p>\n<p data-start=\"1152\" data-end=\"1321\"><strong data-start=\"1152\" data-end=\"1177\">Lai tegevusgeograafia: <\/strong>Tegutseme rahvusvaheliselt ning tunneme h\u00e4sti erinevate turgude standardeid, logistika protsesse ja dokumentatsiooni vormistamise erip\u00e4rasid.<\/p>\n<ul><\/ul>\n<p>[\/et_pb_text][\/et_pb_column][et_pb_column type=&#8221;1_2&#8243; _builder_version=&#8221;4.22.0&#8243; _module_preset=&#8221;default&#8221; global_colors_info=&#8221;{}&#8221;][et_pb_image src=&#8221;https:\/\/kasima.lt\/wp-content\/uploads\/2023\/01\/5.jpg&#8221; title_text=&#8221;5&#8243; show_bottom_space=&#8221;off&#8221; align=&#8221;right&#8221; _builder_version=&#8221;4.27.4&#8243; _module_preset=&#8221;default&#8221; width=&#8221;80%&#8221; global_colors_info=&#8221;{}&#8221;][\/et_pb_image][et_pb_image src=&#8221;https:\/\/kasima.lt\/wp-content\/uploads\/2023\/01\/Komatsu-D61PX-24-8.jpg&#8221; title_text=&#8221;Komatsu D61PX-24 (8)&#8221; show_bottom_space=&#8221;off&#8221; align=&#8221;right&#8221; _builder_version=&#8221;4.27.4&#8243; _module_preset=&#8221;default&#8221; width=&#8221;80%&#8221; global_colors_info=&#8221;{}&#8221;][\/et_pb_image][et_pb_image src=&#8221;https:\/\/kasima.lt\/wp-content\/uploads\/2023\/01\/3.jpg&#8221; title_text=&#8221;3&#8243; _builder_version=&#8221;4.27.4&#8243; _module_preset=&#8221;default&#8221; positioning=&#8221;absolute&#8221; position_origin_a=&#8221;center_left&#8221; width=&#8221;40%&#8221; global_colors_info=&#8221;{}&#8221;][\/et_pb_image][\/et_pb_column][\/et_pb_row][\/et_pb_section]<\/p>\n","protected":false},"excerpt":{"rendered":"<p>Meie kohta UAB \u201eKASIMA\u201c \u2013 professionaalsed lahendused teie tehnikapargile Alates 2012. aastast on UAB \u201eKASIMA\u201c teie usaldusv\u00e4\u00e4rne partner ehitus-, p\u00f5llumajandus- ja teedeehitustehnika sektoris. Me ei m\u00fc\u00fc lihtsalt tehnikat \u2013 aitame oma klientidel t\u00f6\u00f6tada t\u00f5husamalt, kiiremini ja \u00f6konoomsemalt. Tegutsedes k\u00f5igis Balti riikides, Skandinaavias ning ka maailma kaugemates piirkondades, oleme p\u00e4lvinud klientide usalduse t\u00e4nu oma operatiivsusele ja [&hellip;]<\/p>\n","protected":false},"author":1,"featured_media":0,"parent":0,"menu_order":0,"comment_status":"closed","ping_status":"closed","template":"","meta":{"_et_pb_use_builder":"on","_et_pb_old_content":"","_et_gb_content_width":"","_monsterinsights_skip_tracking":false,"_monsterinsights_sitenote_active":false,"_monsterinsights_sitenote_note":"","_monsterinsights_sitenote_category":0,"footnotes":""},"class_list":["post-7203","page","type-page","status-publish","hentry"],"aioseo_notices":[],"_links":{"self":[{"href":"https:\/\/kasima.lt\/et\/wp-json\/wp\/v2\/pages\/7203","targetHints":{"allow":["GET"]}}],"collection":[{"href":"https:\/\/kasima.lt\/et\/wp-json\/wp\/v2\/pages"}],"about":[{"href":"https:\/\/kasima.lt\/et\/wp-json\/wp\/v2\/types\/page"}],"author":[{"embeddable":true,"href":"https:\/\/kasima.lt\/et\/wp-json\/wp\/v2\/users\/1"}],"replies":[{"embeddable":true,"href":"https:\/\/kasima.lt\/et\/wp-json\/wp\/v2\/comments?post=7203"}],"version-history":[{"count":15,"href":"https:\/\/kasima.lt\/et\/wp-json\/wp\/v2\/pages\/7203\/revisions"}],"predecessor-version":[{"id":98221,"href":"https:\/\/kasima.lt\/et\/wp-json\/wp\/v2\/pages\/7203\/revisions\/98221"}],"wp:attachment":[{"href":"https:\/\/kasima.lt\/et\/wp-json\/wp\/v2\/media?parent=7203"}],"curies":[{"name":"wp","href":"https:\/\/api.w.org\/{rel}","templated":true}]}}