{"id":7173,"date":"2022-11-09T12:54:47","date_gmt":"2022-11-09T12:54:47","guid":{"rendered":"https:\/\/kasima.lt\/privaatsuspoliitika\/"},"modified":"2025-09-17T05:38:23","modified_gmt":"2025-09-17T05:38:23","slug":"privaatsuspoliitika","status":"publish","type":"page","link":"https:\/\/kasima.lt\/et\/privaatsuspoliitika\/","title":{"rendered":"Privaatsuspoliitika"},"content":{"rendered":"<p>[et_pb_section fb_built=&#8221;1&#8243; admin_label=&#8221;Header&#8221; _builder_version=&#8221;4.27.4&#8243; _module_preset=&#8221;default&#8221; use_background_color_gradient=&#8221;on&#8221; background_color_gradient_stops=&#8221;rgba(0,0,0,0.3) 0%|rgba(0,0,0,0.3) 100%&#8221; background_color_gradient_overlays_image=&#8221;on&#8221; background_image=&#8221;https:\/\/kasima.lt\/wp-content\/uploads\/2023\/01\/kontaktai-01_result.png&#8221; hover_enabled=&#8221;0&#8243; locked=&#8221;off&#8221; collapsed=&#8221;on&#8221; global_colors_info=&#8221;{}&#8221; theme_builder_area=&#8221;post_content&#8221; title_text=&#8221;kontaktai-01_result&#8221; sticky_enabled=&#8221;0&#8243;][et_pb_row _builder_version=&#8221;4.22.0&#8243; _module_preset=&#8221;default&#8221; hover_enabled=&#8221;0&#8243; global_colors_info=&#8221;{}&#8221; theme_builder_area=&#8221;post_content&#8221; sticky_enabled=&#8221;0&#8243;][et_pb_column type=&#8221;4_4&#8243; _builder_version=&#8221;4.22.0&#8243; _module_preset=&#8221;default&#8221; custom_padding=&#8221;60px||60px||true|false&#8221; custom_padding_tablet=&#8221;0px||0px||true|false&#8221; custom_padding_phone=&#8221;0px||0px||true|false&#8221; custom_padding_last_edited=&#8221;on|desktop&#8221; global_colors_info=&#8221;{}&#8221; theme_builder_area=&#8221;post_content&#8221;][et_pb_text _builder_version=&#8221;4.27.4&#8243; _module_preset=&#8221;d8784a26-fd3e-4db3-b592-acd62648a1a1&#8243; header_font=&#8221;|600||on|||||&#8221; header_text_color=&#8221;#FFFFFF&#8221; header_letter_spacing=&#8221;1px&#8221; global_colors_info=&#8221;{}&#8221; theme_builder_area=&#8221;post_content&#8221;]<\/p>\n<h1>Privaatsuspoliitika<\/h1>\n<p>[\/et_pb_text][\/et_pb_column][\/et_pb_row][\/et_pb_section][et_pb_section fb_built=&#8221;1&#8243; admin_label=&#8221;Why Us&#8221; _builder_version=&#8221;4.22.0&#8243; _module_preset=&#8221;default&#8221; locked=&#8221;off&#8221; collapsed=&#8221;on&#8221; global_colors_info=&#8221;{}&#8221; theme_builder_area=&#8221;post_content&#8221;][et_pb_row _builder_version=&#8221;4.27.4&#8243; _module_preset=&#8221;default&#8221; background_image=&#8221;https:\/\/kasima.lt\/wp-content\/uploads\/2023\/01\/perskirimas-2.png&#8221; background_size=&#8221;initial&#8221; background_position=&#8221;center_right&#8221; hover_enabled=&#8221;0&#8243; global_colors_info=&#8221;{}&#8221; theme_builder_area=&#8221;post_content&#8221; sticky_enabled=&#8221;0&#8243;][et_pb_column type=&#8221;4_4&#8243; _builder_version=&#8221;4.23&#8243; _module_preset=&#8221;default&#8221; global_colors_info=&#8221;{}&#8221; theme_builder_area=&#8221;post_content&#8221;][et_pb_heading title=&#8221;\u00dcldine teave&#8221; _builder_version=&#8221;4.27.4&#8243; _module_preset=&#8221;default&#8221; title_level=&#8221;h3&#8243; title_font=&#8221;|600||on|||||&#8221; title_font_size=&#8221;32px&#8221; hover_enabled=&#8221;0&#8243; global_colors_info=&#8221;{}&#8221; theme_builder_area=&#8221;post_content&#8221; sticky_enabled=&#8221;0&#8243;][\/et_pb_heading][\/et_pb_column][\/et_pb_row][et_pb_row _builder_version=&#8221;4.27.4&#8243; _module_preset=&#8221;default&#8221; theme_builder_area=&#8221;post_content&#8221;][et_pb_column _builder_version=&#8221;4.27.4&#8243; _module_preset=&#8221;default&#8221; type=&#8221;4_4&#8243; theme_builder_area=&#8221;post_content&#8221;][et_pb_text _builder_version=&#8221;4.27.4&#8243; _module_preset=&#8221;default&#8221; theme_builder_area=&#8221;post_content&#8221; hover_enabled=&#8221;0&#8243; sticky_enabled=&#8221;0&#8243;]<\/p>\n<p>Kui k\u00fclastate veebilehte <a href=\"https:\/\/www.kasima.lt\/\" target=\"_blank\" rel=\"noopener\" data-auto-recognition=\"true\">https:\/\/www.kasima.lt\/,<\/a> t\u00f6\u00f6tleb teie isikuandmeid UAB KASIMA, \u00e4rikood 302752257 (edaspidi &#8220;ettev\u00f5te&#8221;).<\/p>\n<p>Aadress: Daukanto g. 66, Tel\u0161iai<\/p>\n<p>El. E-post: <a href=\"mailto:info@kasima.lt\" data-auto-recognition=\"true\">info@kasima.lt<\/a><\/p>\n<p>Me austame f\u00fc\u00fcsiliste isikute \u00f5igust oma isikuandmete kaitsele ja p\u00fc\u00fcame tagada sellel veebisaidil t\u00f6\u00f6deldavate isikuandmete kaitse.<\/p>\n<p>Ettev\u00f5te v\u00f5ib k\u00e4esolevat privaatsuspoliitikat igal ajal l\u00e4bi vaadata ja muuta, seega soovitame teil perioodiliselt kontrollida, et te oleksite kursis k\u00e4esoleva privaatsuspoliitika kehtiva versiooniga. Privaatsuspoliitika kehtiva versiooni avaldamise kuup\u00e4ev on m\u00e4rgitud veebisaidi selle lehek\u00fclje \u00fclaosas.<\/p>\n<p>Veebisaidi k\u00fclastajate ja teiste andmesubjektide isikuandmeid t\u00f6\u00f6deldakse koosk\u00f5las kehtivate \u00f5igusaktidega ning isikuandmete kaitseks vajalike tehniliste ja korralduslike meetmetega.<\/p>\n<p>Ettev\u00f5te kasutab teie poolt esitatud v\u00f5i ettev\u00f5tte poolt kogutud isikuandmeid ainult privaatsuspoliitikas v\u00f5i teile saadetud eraldi teatises s\u00e4testatud eesm\u00e4rkidel ning ei anna isikuandmeid teistele isikutele haldamiseks edasi, v\u00e4lja arvatud k\u00e4esolevas privaatsuspoliitikas s\u00e4testatud juhtudel. Seadusega etten\u00e4htud juhtudel v\u00f5idakse teie andmed edastada ka p\u00e4devatele asutustele. Muud juhtumid, mil teie isikuandmeid edastatakse kolmandatele isikutele (ettev\u00f5tte partnerid, andmet\u00f6\u00f6tlejad jne), on s\u00e4testatud privaatsuspoliitika eraldi osades.<\/p>\n<p>[\/et_pb_text][\/et_pb_column][\/et_pb_row][\/et_pb_section]<\/p>\n","protected":false},"excerpt":{"rendered":"<p>PrivaatsuspoliitikaKui k\u00fclastate veebilehte https:\/\/www.kasima.lt\/, t\u00f6\u00f6tleb teie isikuandmeid UAB KASIMA, \u00e4rikood 302752257 (edaspidi &#8220;ettev\u00f5te&#8221;). Aadress: Daukanto g. 66, Tel\u0161iai El. E-post: info@kasima.lt Me austame f\u00fc\u00fcsiliste isikute \u00f5igust oma isikuandmete kaitsele ja p\u00fc\u00fcame tagada sellel veebisaidil t\u00f6\u00f6deldavate isikuandmete kaitse. Ettev\u00f5te v\u00f5ib k\u00e4esolevat privaatsuspoliitikat igal ajal l\u00e4bi vaadata ja muuta, seega soovitame teil perioodiliselt kontrollida, et te oleksite [&hellip;]<\/p>\n","protected":false},"author":1,"featured_media":0,"parent":0,"menu_order":0,"comment_status":"closed","ping_status":"closed","template":"","meta":{"_et_pb_use_builder":"on","_et_pb_old_content":"","_et_gb_content_width":"","_monsterinsights_skip_tracking":false,"_monsterinsights_sitenote_active":false,"_monsterinsights_sitenote_note":"","_monsterinsights_sitenote_category":0,"footnotes":""},"class_list":["post-7173","page","type-page","status-publish","hentry"],"aioseo_notices":[],"_links":{"self":[{"href":"https:\/\/kasima.lt\/et\/wp-json\/wp\/v2\/pages\/7173","targetHints":{"allow":["GET"]}}],"collection":[{"href":"https:\/\/kasima.lt\/et\/wp-json\/wp\/v2\/pages"}],"about":[{"href":"https:\/\/kasima.lt\/et\/wp-json\/wp\/v2\/types\/page"}],"author":[{"embeddable":true,"href":"https:\/\/kasima.lt\/et\/wp-json\/wp\/v2\/users\/1"}],"replies":[{"embeddable":true,"href":"https:\/\/kasima.lt\/et\/wp-json\/wp\/v2\/comments?post=7173"}],"version-history":[{"count":5,"href":"https:\/\/kasima.lt\/et\/wp-json\/wp\/v2\/pages\/7173\/revisions"}],"predecessor-version":[{"id":67683,"href":"https:\/\/kasima.lt\/et\/wp-json\/wp\/v2\/pages\/7173\/revisions\/67683"}],"wp:attachment":[{"href":"https:\/\/kasima.lt\/et\/wp-json\/wp\/v2\/media?parent=7173"}],"curies":[{"name":"wp","href":"https:\/\/api.w.org\/{rel}","templated":true}]}}