{"id":99354,"date":"2026-03-19T09:07:44","date_gmt":"2026-03-19T07:07:44","guid":{"rendered":"https:\/\/kasima.lt\/produktas\/jcb-akceleratoriaus-variklio-valdymo-kabelis\/"},"modified":"2026-03-19T09:10:55","modified_gmt":"2026-03-19T07:10:55","slug":"jcb-akceleratoriaus-variklio-valdymo-kabelis","status":"publish","type":"product","link":"https:\/\/kasima.lt\/en\/produktas\/jcb-akceleratoriaus-variklio-valdymo-kabelis\/","title":{"rendered":"JCB throttle motor control cable"},"content":{"rendered":"<p>Naudota originali detal\u0117, i\u0161imta i\u0161 JCB JS130W (2007 m.)<br \/>\nOriginali detal\u0117, skirta JCB ir VOLVO ekskavatoriams.<br \/>\nI\u0161samiai patikrinta ir paruo\u0161ta montavimui.<br \/>\nSiun\u010diame visame pasaulyje.<br \/>\nSiuntinio svoris ir matmenys:<br \/>\n\u2022 Apie 1 kg<br \/>\n\u2022 300 x 300 x 50 mm<br \/>\nKatalogo numeris:<br \/>\n\u2022 910\/60084<br \/>\n\u2022 910\/60140<\/p>\n","protected":false},"excerpt":{"rendered":"<p>Price excluding VAT<\/p>\n<p>Manufacturer: JCB<br \/>\nModel: JS130W060<br \/>\nPhone: <a href=\"tel:+37060842988\">+37060842988<\/a><br \/>\nEmail: <a href=\"mailto:usedparts@kasima.lt\">usedparts@kasima.lt<\/a><\/p>\n","protected":false},"featured_media":99379,"template":"","meta":{"_et_pb_use_builder":"","_et_pb_old_content":"","_et_gb_content_width":"","_monsterinsights_skip_tracking":false,"_monsterinsights_sitenote_active":false,"_monsterinsights_sitenote_note":"","_monsterinsights_sitenote_category":0},"product_brand":[],"product_cat":[442,855,320,683,451,727],"product_tag":[],"class_list":{"0":"post-99354","1":"product","2":"type-product","3":"status-publish","4":"has-post-thumbnail","6":"product_cat-jcb-parts-en","7":"product_cat-js130w-2007","8":"product_cat-used-parts","9":"product_cat-excavator-parts","10":"product_cat-construction-machinery-parts","11":"product_cat-engines-and-their-parts","13":"first","14":"instock","15":"shipping-taxable","16":"purchasable","17":"product-type-simple"},"aioseo_notices":[],"_links":{"self":[{"href":"https:\/\/kasima.lt\/en\/wp-json\/wp\/v2\/product\/99354","targetHints":{"allow":["GET"]}}],"collection":[{"href":"https:\/\/kasima.lt\/en\/wp-json\/wp\/v2\/product"}],"about":[{"href":"https:\/\/kasima.lt\/en\/wp-json\/wp\/v2\/types\/product"}],"wp:featuredmedia":[{"embeddable":true,"href":"https:\/\/kasima.lt\/en\/wp-json\/wp\/v2\/media\/99379"}],"wp:attachment":[{"href":"https:\/\/kasima.lt\/en\/wp-json\/wp\/v2\/media?parent=99354"}],"wp:term":[{"taxonomy":"product_brand","embeddable":true,"href":"https:\/\/kasima.lt\/en\/wp-json\/wp\/v2\/product_brand?post=99354"},{"taxonomy":"product_cat","embeddable":true,"href":"https:\/\/kasima.lt\/en\/wp-json\/wp\/v2\/product_cat?post=99354"},{"taxonomy":"product_tag","embeddable":true,"href":"https:\/\/kasima.lt\/en\/wp-json\/wp\/v2\/product_tag?post=99354"}],"curies":[{"name":"wp","href":"https:\/\/api.w.org\/{rel}","templated":true}]}}