{"id":77933,"date":"2025-10-29T07:56:05","date_gmt":"2025-10-29T05:56:05","guid":{"rendered":"https:\/\/kasima.lt\/produktas\/volvo-ec240lc-kauso-cilindras\/"},"modified":"2025-10-29T13:35:26","modified_gmt":"2025-10-29T13:35:26","slug":"volvo-ec240lc-kauso-cilindras","status":"publish","type":"product","link":"https:\/\/kasima.lt\/en\/produktas\/volvo-ec240lc-kauso-cilindras\/","title":{"rendered":"Volvo EC240LC bucket cylinder"},"content":{"rendered":"<p>Originali naudota detal\u0117, i\u0161montuota i\u0161 Volvo EC240LC (1997)<br \/>\nOEM cilindras Volvo ekskavatoriams<br \/>\nVisi\u0161kai patikrintas ir paruo\u0161tas montuoti.<br \/>\nPristatymas visame pasaulyje.<br \/>\nSvoris ir matmenys pristatymui:<br \/>\n\u2022 apie 180 kg<br \/>\n\u2022 1800 x 300 x 300 mm<br \/>\nKatalogo numeris:<br \/>\n\u2022 VOE14551712<br \/>\n\u2022 VOE14551717<\/p>\n","protected":false},"excerpt":{"rendered":"<p>Kaina be PVM<\/p>\n<p>Gamintojas: VOLVO<br \/>\nModelis: EC240LC012<br \/>\nTelefonas: <a href=\"tel:+37060842988\">+37060842988<\/a><br \/>\nEl. pa\u0161tas: <a href=\"mailto:usedparts@kasima.lt\">usedparts@kasima.lt<\/a><\/p>\n","protected":false},"featured_media":77904,"template":"","meta":{"_et_pb_use_builder":"","_et_pb_old_content":"","_et_gb_content_width":"","_monsterinsights_skip_tracking":false,"_monsterinsights_sitenote_active":false,"_monsterinsights_sitenote_note":"","_monsterinsights_sitenote_category":0},"product_brand":[],"product_cat":[396,820,611,320,683,451],"product_tag":[],"class_list":{"0":"post-77933","1":"product","2":"type-product","3":"status-publish","4":"has-post-thumbnail","6":"product_cat-volvo-parts","7":"product_cat-ec240lc","8":"product_cat-hydraulic-cylinders","9":"product_cat-used-parts","10":"product_cat-excavator-parts","11":"product_cat-construction-machinery-parts","13":"first","14":"instock","15":"shipping-taxable","16":"purchasable","17":"product-type-simple"},"aioseo_notices":[],"_links":{"self":[{"href":"https:\/\/kasima.lt\/en\/wp-json\/wp\/v2\/product\/77933","targetHints":{"allow":["GET"]}}],"collection":[{"href":"https:\/\/kasima.lt\/en\/wp-json\/wp\/v2\/product"}],"about":[{"href":"https:\/\/kasima.lt\/en\/wp-json\/wp\/v2\/types\/product"}],"wp:featuredmedia":[{"embeddable":true,"href":"https:\/\/kasima.lt\/en\/wp-json\/wp\/v2\/media\/77904"}],"wp:attachment":[{"href":"https:\/\/kasima.lt\/en\/wp-json\/wp\/v2\/media?parent=77933"}],"wp:term":[{"taxonomy":"product_brand","embeddable":true,"href":"https:\/\/kasima.lt\/en\/wp-json\/wp\/v2\/product_brand?post=77933"},{"taxonomy":"product_cat","embeddable":true,"href":"https:\/\/kasima.lt\/en\/wp-json\/wp\/v2\/product_cat?post=77933"},{"taxonomy":"product_tag","embeddable":true,"href":"https:\/\/kasima.lt\/en\/wp-json\/wp\/v2\/product_tag?post=77933"}],"curies":[{"name":"wp","href":"https:\/\/api.w.org\/{rel}","templated":true}]}}