{"id":69720,"date":"2025-09-29T05:55:27","date_gmt":"2025-09-29T05:55:27","guid":{"rendered":"https:\/\/kasima.lt\/produktas\/doosan-grandines-itempejas\/"},"modified":"2025-10-29T13:34:53","modified_gmt":"2025-10-29T13:34:53","slug":"doosan-grandines-itempejas","status":"publish","type":"product","link":"https:\/\/kasima.lt\/en\/produktas\/doosan-grandines-itempejas\/","title":{"rendered":"Doosan chain idler"},"content":{"rendered":"<p>Naudota originali detal\u0117, i\u0161imta i\u0161 Doosan DX140LCR-3 ekskavatoriaus.<br \/>\nOEM \u012ftempimo rit\u0117 Doosan ekskavatoriams.<br \/>\nVisi\u0161kai patikrinta ir paruo\u0161ta montavimui.<br \/>\nPristatymas visame pasaulyje.<br \/>\nSvoris ir matmenys pristatymui:<br \/>\n\u2022 apie 200 kg<br \/>\n\u2022 1200x500x400mm<br \/>\nKatalogo numeris:<br \/>\n\u2022 K1041890<br \/>\n\u2022 200101-00063A<br \/>\n\u2022 K1036001<br \/>\n\u2022 200101-00074<br \/>\n\u2022 K1033976<\/p>\n","protected":false},"excerpt":{"rendered":"<p>Price without VAT<\/p>\n<p>Manufacturer: DOOSAN<br \/>\nModel: DX140LCR030<br \/>\nCall: <a href=\"tel:+37060842988\">+37060842988<\/a><br \/>\nEmail: <a href=\"mailto:usedparts@kasima.lt\">usedparts@kasima.lt<\/a><\/p>\n","protected":false},"featured_media":69696,"template":"","meta":{"_et_pb_use_builder":"","_et_pb_old_content":"","_et_gb_content_width":"","_monsterinsights_skip_tracking":false,"_monsterinsights_sitenote_active":false,"_monsterinsights_sitenote_note":"","_monsterinsights_sitenote_category":0},"product_brand":[],"product_cat":[875,790,320,683,451,679],"product_tag":[],"class_list":{"0":"post-69720","1":"product","2":"type-product","3":"status-publish","4":"has-post-thumbnail","6":"product_cat-dx140lcr-3-2015","7":"product_cat-doosan-parts","8":"product_cat-used-parts","9":"product_cat-excavator-parts","10":"product_cat-construction-machinery-parts","11":"product_cat-tracks-and-parts","13":"first","14":"instock","15":"shipping-taxable","16":"purchasable","17":"product-type-simple"},"aioseo_notices":[],"_links":{"self":[{"href":"https:\/\/kasima.lt\/en\/wp-json\/wp\/v2\/product\/69720","targetHints":{"allow":["GET"]}}],"collection":[{"href":"https:\/\/kasima.lt\/en\/wp-json\/wp\/v2\/product"}],"about":[{"href":"https:\/\/kasima.lt\/en\/wp-json\/wp\/v2\/types\/product"}],"wp:featuredmedia":[{"embeddable":true,"href":"https:\/\/kasima.lt\/en\/wp-json\/wp\/v2\/media\/69696"}],"wp:attachment":[{"href":"https:\/\/kasima.lt\/en\/wp-json\/wp\/v2\/media?parent=69720"}],"wp:term":[{"taxonomy":"product_brand","embeddable":true,"href":"https:\/\/kasima.lt\/en\/wp-json\/wp\/v2\/product_brand?post=69720"},{"taxonomy":"product_cat","embeddable":true,"href":"https:\/\/kasima.lt\/en\/wp-json\/wp\/v2\/product_cat?post=69720"},{"taxonomy":"product_tag","embeddable":true,"href":"https:\/\/kasima.lt\/en\/wp-json\/wp\/v2\/product_tag?post=69720"}],"curies":[{"name":"wp","href":"https:\/\/api.w.org\/{rel}","templated":true}]}}