{"id":40350,"date":"2025-03-18T12:22:22","date_gmt":"2025-03-18T12:22:22","guid":{"rendered":"https:\/\/kasima.lt\/produktas\/hidraulines-betono-zirkles-mustang-rh16\/"},"modified":"2025-10-29T13:33:23","modified_gmt":"2025-10-29T13:33:23","slug":"hidraulines-betono-zirkles-mustang-rh16","status":"publish","type":"product","link":"https:\/\/kasima.lt\/en\/produktas\/hidraulines-betono-zirkles-mustang-rh16\/","title":{"rendered":"Hydraulic concrete shears Mustang RH 16"},"content":{"rendered":"<p>Hydraulic concrete shears for excavator Mustang RH 16<\/p>\n<p>The Mustang RH 16 is a powerful and reliable concrete shear for professional demolition work. Thanks to the advanced hydraulic system and the high-quality steel construction, these shears ensure high performance and durability, even in the most demanding tasks. <\/p>\n<p>Key features:<br \/>\nRobust construction &#8211; made of high quality materials for durability.<br \/>\nHigh shear force &#8211; cuts concrete, rebar and other strong materials efficiently.<br \/>\nCompact design &#8211; allows working in tight spaces.<br \/>\nEfficient hydraulic operation &#8211; ensures smooth and fast work.<br \/>\nSuitable for a wide range of machines &#8211; can be mounted on excavators and other demolition equipment.<\/p>\n<p>Mustang RH 16 is the professional&#8217;s choice for maximum efficiency and reliability.<\/p>\n<p><iframe loading=\"lazy\" title=\"Betono hidraulin\u0117s \u017eirkl\u0117s Mustang RH 16\" width=\"1080\" height=\"608\" src=\"https:\/\/www.youtube.com\/embed\/8td6K6liUYI?feature=oembed\"  allow=\"accelerometer; autoplay; clipboard-write; encrypted-media; gyroscope; picture-in-picture; web-share\" referrerpolicy=\"strict-origin-when-cross-origin\" allowfullscreen><\/iframe><\/p>\n","protected":false},"excerpt":{"rendered":"<p>Price without VAT<\/p>\n<p>Manufacturer: Mustang<br \/>\nModel: RH16<br \/>\nCall: <a href=\"tel:+37067607071\">+37067607071<br \/>\n<\/a>Email: <a href=\"mailto:sales@kasima.lt\">sales@kasima.lt<\/a><\/p>\n","protected":false},"featured_media":40285,"template":"","meta":{"_et_pb_use_builder":"","_et_pb_old_content":"","_et_gb_content_width":"","_monsterinsights_skip_tracking":false,"_monsterinsights_sitenote_active":false,"_monsterinsights_sitenote_note":"","_monsterinsights_sitenote_category":0},"product_brand":[],"product_cat":[129,198,221,117,223,160],"product_tag":[],"class_list":{"0":"post-40350","1":"product","2":"type-product","3":"status-publish","4":"has-post-thumbnail","6":"product_cat-10-13-tonnes","7":"product_cat-13-16-tonnes","8":"product_cat-16-20-tonnes","9":"product_cat-new","10":"product_cat-other-accessories","11":"product_cat-excavator","13":"first","14":"instock","15":"shipping-taxable","16":"purchasable","17":"product-type-simple"},"aioseo_notices":[],"_links":{"self":[{"href":"https:\/\/kasima.lt\/en\/wp-json\/wp\/v2\/product\/40350","targetHints":{"allow":["GET"]}}],"collection":[{"href":"https:\/\/kasima.lt\/en\/wp-json\/wp\/v2\/product"}],"about":[{"href":"https:\/\/kasima.lt\/en\/wp-json\/wp\/v2\/types\/product"}],"wp:featuredmedia":[{"embeddable":true,"href":"https:\/\/kasima.lt\/en\/wp-json\/wp\/v2\/media\/40285"}],"wp:attachment":[{"href":"https:\/\/kasima.lt\/en\/wp-json\/wp\/v2\/media?parent=40350"}],"wp:term":[{"taxonomy":"product_brand","embeddable":true,"href":"https:\/\/kasima.lt\/en\/wp-json\/wp\/v2\/product_brand?post=40350"},{"taxonomy":"product_cat","embeddable":true,"href":"https:\/\/kasima.lt\/en\/wp-json\/wp\/v2\/product_cat?post=40350"},{"taxonomy":"product_tag","embeddable":true,"href":"https:\/\/kasima.lt\/en\/wp-json\/wp\/v2\/product_tag?post=40350"}],"curies":[{"name":"wp","href":"https:\/\/api.w.org\/{rel}","templated":true}]}}